{"id":99917,"date":"2021-01-22T23:47:54","date_gmt":"2021-01-22T23:47:54","guid":{"rendered":"https:\/\/ifoffice.pt\/produto\/import-placeholder-for-10439\/"},"modified":"2025-03-12T12:07:59","modified_gmt":"2025-03-12T12:07:59","slug":"mochila-escolar-liderpapel-infantil-vaca-250x230x80-mm","status":"publish","type":"product","link":"https:\/\/ifoffice.pt\/?product=mochila-escolar-liderpapel-infantil-vaca-250x230x80-mm","title":{"rendered":"Mochila escolar liderpapel infantil vaca 250x230x80 mm"},"content":{"rendered":"<p>Mochila infantil pr\u00e1tica e resistente. Ideal para o jardim de inf\u00e2ncia e educa\u00e7\u00e3o infantil. Fabricada em neopreno, resistente \u00e0 \u00e1gua. Parte traseira acolchoada para maior conforto. Al\u00e7as acolchoadas ajust\u00e1veis. 4 modelos distintos.<\/p>\n","protected":false},"excerpt":{"rendered":"<p>Mochila escolar liderpapel infantil vaca 250x230x80 mm<\/p>\n","protected":false},"featured_media":126447,"comment_status":"closed","ping_status":"closed","template":"","meta":{"neve_meta_sidebar":"","neve_meta_container":"","neve_meta_enable_content_width":"off","neve_meta_content_width":70,"neve_meta_title_alignment":"","neve_meta_author_avatar":"","neve_post_elements_order":"","neve_meta_disable_header":"","neve_meta_disable_footer":"","neve_meta_disable_title":""},"product_brand":[],"product_cat":[2186],"product_tag":[2583],"class_list":{"0":"post-99917","1":"product","2":"type-product","3":"status-publish","4":"has-post-thumbnail","6":"product_cat-mochilas-escolares","7":"product_tag-mochila","9":"first","10":"outofstock","11":"taxable","12":"shipping-taxable","13":"purchasable","14":"product-type-simple"},"_links":{"self":[{"href":"https:\/\/ifoffice.pt\/index.php?rest_route=\/wp\/v2\/product\/99917","targetHints":{"allow":["GET"]}}],"collection":[{"href":"https:\/\/ifoffice.pt\/index.php?rest_route=\/wp\/v2\/product"}],"about":[{"href":"https:\/\/ifoffice.pt\/index.php?rest_route=\/wp\/v2\/types\/product"}],"replies":[{"embeddable":true,"href":"https:\/\/ifoffice.pt\/index.php?rest_route=%2Fwp%2Fv2%2Fcomments&post=99917"}],"wp:featuredmedia":[{"embeddable":true,"href":"https:\/\/ifoffice.pt\/index.php?rest_route=\/wp\/v2\/media\/126447"}],"wp:attachment":[{"href":"https:\/\/ifoffice.pt\/index.php?rest_route=%2Fwp%2Fv2%2Fmedia&parent=99917"}],"wp:term":[{"taxonomy":"product_brand","embeddable":true,"href":"https:\/\/ifoffice.pt\/index.php?rest_route=%2Fwp%2Fv2%2Fproduct_brand&post=99917"},{"taxonomy":"product_cat","embeddable":true,"href":"https:\/\/ifoffice.pt\/index.php?rest_route=%2Fwp%2Fv2%2Fproduct_cat&post=99917"},{"taxonomy":"product_tag","embeddable":true,"href":"https:\/\/ifoffice.pt\/index.php?rest_route=%2Fwp%2Fv2%2Fproduct_tag&post=99917"}],"curies":[{"name":"wp","href":"https:\/\/api.w.org\/{rel}","templated":true}]}}