{"id":99875,"date":"2021-01-22T23:47:28","date_gmt":"2021-01-22T23:47:28","guid":{"rendered":"https:\/\/ifoffice.pt\/produto\/import-placeholder-for-10704\/"},"modified":"2026-02-23T13:36:18","modified_gmt":"2026-02-23T13:36:18","slug":"tinta-da-china-pelikan-frasco-10-ml-preta","status":"publish","type":"product","link":"https:\/\/ifoffice.pt\/?product=tinta-da-china-pelikan-frasco-10-ml-preta","title":{"rendered":"Tinta da china pelikan frasco 10 ml preta"},"content":{"rendered":"<p>Tonalidades puras e brilhantes. Todas as cores podem misturar-se ente si e ser dilu\u00eddas em \u00e1gua. Para desenhar e pintar. Especial para tira-linhas, canetas de  desenho t\u00e9cnico e pinc\u00e9is. Frasco de 10 ml.<\/p>\n","protected":false},"excerpt":{"rendered":"<p>Tinta da china pelikan frasco 10 ml preta<\/p>\n","protected":false},"featured_media":130346,"comment_status":"closed","ping_status":"closed","template":"","meta":{"neve_meta_sidebar":"","neve_meta_container":"","neve_meta_enable_content_width":"off","neve_meta_content_width":0,"neve_meta_title_alignment":"","neve_meta_author_avatar":"","neve_post_elements_order":"","neve_meta_disable_header":"","neve_meta_disable_footer":"","neve_meta_disable_title":""},"product_brand":[],"product_cat":[2008],"product_tag":[2009],"class_list":{"0":"post-99875","1":"product","2":"type-product","3":"status-publish","4":"has-post-thumbnail","6":"product_cat-outros-artigos-de-desenho","7":"product_tag-tinta-da-china","9":"first","10":"instock","11":"taxable","12":"shipping-taxable","13":"purchasable","14":"product-type-simple"},"_links":{"self":[{"href":"https:\/\/ifoffice.pt\/index.php?rest_route=\/wp\/v2\/product\/99875","targetHints":{"allow":["GET"]}}],"collection":[{"href":"https:\/\/ifoffice.pt\/index.php?rest_route=\/wp\/v2\/product"}],"about":[{"href":"https:\/\/ifoffice.pt\/index.php?rest_route=\/wp\/v2\/types\/product"}],"replies":[{"embeddable":true,"href":"https:\/\/ifoffice.pt\/index.php?rest_route=%2Fwp%2Fv2%2Fcomments&post=99875"}],"wp:featuredmedia":[{"embeddable":true,"href":"https:\/\/ifoffice.pt\/index.php?rest_route=\/wp\/v2\/media\/130346"}],"wp:attachment":[{"href":"https:\/\/ifoffice.pt\/index.php?rest_route=%2Fwp%2Fv2%2Fmedia&parent=99875"}],"wp:term":[{"taxonomy":"product_brand","embeddable":true,"href":"https:\/\/ifoffice.pt\/index.php?rest_route=%2Fwp%2Fv2%2Fproduct_brand&post=99875"},{"taxonomy":"product_cat","embeddable":true,"href":"https:\/\/ifoffice.pt\/index.php?rest_route=%2Fwp%2Fv2%2Fproduct_cat&post=99875"},{"taxonomy":"product_tag","embeddable":true,"href":"https:\/\/ifoffice.pt\/index.php?rest_route=%2Fwp%2Fv2%2Fproduct_tag&post=99875"}],"curies":[{"name":"wp","href":"https:\/\/api.w.org\/{rel}","templated":true}]}}