{"id":99842,"date":"2021-01-22T23:47:04","date_gmt":"2021-01-22T23:47:04","guid":{"rendered":"https:\/\/ifoffice.pt\/produto\/import-placeholder-for-10742\/"},"modified":"2026-02-23T14:53:29","modified_gmt":"2026-02-23T14:53:29","slug":"cola-em-stick-liderpapel-15-gr-cor-neon","status":"publish","type":"product","link":"https:\/\/ifoffice.pt\/?product=cola-em-stick-liderpapel-15-gr-cor-neon","title":{"rendered":"Cola em stick liderpapel 15 gr cor neon"},"content":{"rendered":"<p>Cola de alta qualidade. Secagem instant\u00e2nea. N\u00e3o deixa grumos. Para papel, cart\u00e3o, fotos, etc. Apto para uso escolar e escrit\u00f3rio. Sem solventes. Ao deslizar a barra pelo papel, deixa a marca colorida para facilmente ver onde a cola foi colocada. Cores intensas: celeste, amarelo, rosa, verde. Conte\u00fado 15g. A cola stick.<\/p>\n","protected":false},"excerpt":{"rendered":"<p>PACK DE 24 UNIDADES<\/p>\n","protected":false},"featured_media":130002,"comment_status":"closed","ping_status":"closed","template":"","meta":{"neve_meta_sidebar":"","neve_meta_container":"","neve_meta_enable_content_width":"off","neve_meta_content_width":0,"neve_meta_title_alignment":"","neve_meta_author_avatar":"","neve_post_elements_order":"","neve_meta_disable_header":"","neve_meta_disable_footer":"","neve_meta_disable_title":""},"product_brand":[],"product_cat":[1760],"product_tag":[813],"class_list":{"0":"post-99842","1":"product","2":"type-product","3":"status-publish","4":"has-post-thumbnail","6":"product_cat-cola-baton","7":"product_tag-solido","9":"first","10":"instock","11":"taxable","12":"shipping-taxable","13":"purchasable","14":"product-type-simple"},"_links":{"self":[{"href":"https:\/\/ifoffice.pt\/index.php?rest_route=\/wp\/v2\/product\/99842","targetHints":{"allow":["GET"]}}],"collection":[{"href":"https:\/\/ifoffice.pt\/index.php?rest_route=\/wp\/v2\/product"}],"about":[{"href":"https:\/\/ifoffice.pt\/index.php?rest_route=\/wp\/v2\/types\/product"}],"replies":[{"embeddable":true,"href":"https:\/\/ifoffice.pt\/index.php?rest_route=%2Fwp%2Fv2%2Fcomments&post=99842"}],"wp:featuredmedia":[{"embeddable":true,"href":"https:\/\/ifoffice.pt\/index.php?rest_route=\/wp\/v2\/media\/130002"}],"wp:attachment":[{"href":"https:\/\/ifoffice.pt\/index.php?rest_route=%2Fwp%2Fv2%2Fmedia&parent=99842"}],"wp:term":[{"taxonomy":"product_brand","embeddable":true,"href":"https:\/\/ifoffice.pt\/index.php?rest_route=%2Fwp%2Fv2%2Fproduct_brand&post=99842"},{"taxonomy":"product_cat","embeddable":true,"href":"https:\/\/ifoffice.pt\/index.php?rest_route=%2Fwp%2Fv2%2Fproduct_cat&post=99842"},{"taxonomy":"product_tag","embeddable":true,"href":"https:\/\/ifoffice.pt\/index.php?rest_route=%2Fwp%2Fv2%2Fproduct_tag&post=99842"}],"curies":[{"name":"wp","href":"https:\/\/api.w.org\/{rel}","templated":true}]}}