{"id":99820,"date":"2021-01-22T23:46:41","date_gmt":"2021-01-22T23:46:41","guid":{"rendered":"https:\/\/ifoffice.pt\/produto\/import-placeholder-for-10750\/"},"modified":"2026-02-23T13:36:14","modified_gmt":"2026-02-23T13:36:14","slug":"capa-de-encadernacao-liderpapel-polipropileno-din-a3-0-5-mm-transparente-pack-de-100-unidades","status":"publish","type":"product","link":"https:\/\/ifoffice.pt\/?product=capa-de-encadernacao-liderpapel-polipropileno-din-a3-0-5-mm-transparente-pack-de-100-unidades","title":{"rendered":"Capa de encadernacao liderpapel polipropileno din a3 0.5 mm transparente pack de 100 unidades"},"content":{"rendered":"<p>Folha em polipropileno, para encaderna\u00e7\u00e3o com espirais, lombadas, an\u00e9is e outros. Cores opacas. Formato A4.<\/p>\n","protected":false},"excerpt":{"rendered":"<p>Capa de encadernacao liderpapel polipropileno din a3 0.5 mm transparente pack de 100 unidades<\/p>\n","protected":false},"featured_media":132916,"comment_status":"closed","ping_status":"closed","template":"","meta":{"neve_meta_sidebar":"","neve_meta_container":"","neve_meta_enable_content_width":"off","neve_meta_content_width":0,"neve_meta_title_alignment":"","neve_meta_author_avatar":"","neve_post_elements_order":"","neve_meta_disable_header":"","neve_meta_disable_footer":"","neve_meta_disable_title":""},"product_brand":[],"product_cat":[1852],"product_tag":[971],"class_list":{"0":"post-99820","1":"product","2":"type-product","3":"status-publish","4":"has-post-thumbnail","6":"product_cat-encadernadoras","7":"product_tag-capas","9":"first","10":"instock","11":"taxable","12":"shipping-taxable","13":"purchasable","14":"product-type-simple"},"_links":{"self":[{"href":"https:\/\/ifoffice.pt\/index.php?rest_route=\/wp\/v2\/product\/99820","targetHints":{"allow":["GET"]}}],"collection":[{"href":"https:\/\/ifoffice.pt\/index.php?rest_route=\/wp\/v2\/product"}],"about":[{"href":"https:\/\/ifoffice.pt\/index.php?rest_route=\/wp\/v2\/types\/product"}],"replies":[{"embeddable":true,"href":"https:\/\/ifoffice.pt\/index.php?rest_route=%2Fwp%2Fv2%2Fcomments&post=99820"}],"wp:featuredmedia":[{"embeddable":true,"href":"https:\/\/ifoffice.pt\/index.php?rest_route=\/wp\/v2\/media\/132916"}],"wp:attachment":[{"href":"https:\/\/ifoffice.pt\/index.php?rest_route=%2Fwp%2Fv2%2Fmedia&parent=99820"}],"wp:term":[{"taxonomy":"product_brand","embeddable":true,"href":"https:\/\/ifoffice.pt\/index.php?rest_route=%2Fwp%2Fv2%2Fproduct_brand&post=99820"},{"taxonomy":"product_cat","embeddable":true,"href":"https:\/\/ifoffice.pt\/index.php?rest_route=%2Fwp%2Fv2%2Fproduct_cat&post=99820"},{"taxonomy":"product_tag","embeddable":true,"href":"https:\/\/ifoffice.pt\/index.php?rest_route=%2Fwp%2Fv2%2Fproduct_tag&post=99820"}],"curies":[{"name":"wp","href":"https:\/\/api.w.org\/{rel}","templated":true}]}}