{"id":99586,"date":"2021-01-22T23:43:27","date_gmt":"2021-01-22T23:43:27","guid":{"rendered":"https:\/\/ifoffice.pt\/produto\/import-placeholder-for-11348\/"},"modified":"2026-02-23T13:35:52","modified_gmt":"2026-02-23T13:35:52","slug":"regua-liderpapel-em-plastico-transparente-30-cm","status":"publish","type":"product","link":"https:\/\/ifoffice.pt\/?product=regua-liderpapel-em-plastico-transparente-30-cm","title":{"rendered":"Regua liderpapel em plastico transparente 30 cm"},"content":{"rendered":"<p>Fabricada em pl\u00e1stico transparente ultra resistente. Com margem biselada e gradua\u00e7\u00f5es. A r\u00e9gua.<\/p>\n","protected":false},"excerpt":{"rendered":"<p>Regua liderpapel em plastico transparente 30 cm<\/p>\n","protected":false},"featured_media":126285,"comment_status":"closed","ping_status":"closed","template":"","meta":{"neve_meta_sidebar":"","neve_meta_container":"","neve_meta_enable_content_width":"off","neve_meta_content_width":0,"neve_meta_title_alignment":"","neve_meta_author_avatar":"","neve_post_elements_order":"","neve_meta_disable_header":"","neve_meta_disable_footer":"","neve_meta_disable_title":""},"product_brand":[],"product_cat":[2490],"product_tag":[2107],"class_list":{"0":"post-99586","1":"product","2":"type-product","3":"status-publish","4":"has-post-thumbnail","6":"product_cat-raguas","7":"product_tag-regua","9":"first","10":"instock","11":"taxable","12":"shipping-taxable","13":"purchasable","14":"product-type-simple"},"_links":{"self":[{"href":"https:\/\/ifoffice.pt\/index.php?rest_route=\/wp\/v2\/product\/99586","targetHints":{"allow":["GET"]}}],"collection":[{"href":"https:\/\/ifoffice.pt\/index.php?rest_route=\/wp\/v2\/product"}],"about":[{"href":"https:\/\/ifoffice.pt\/index.php?rest_route=\/wp\/v2\/types\/product"}],"replies":[{"embeddable":true,"href":"https:\/\/ifoffice.pt\/index.php?rest_route=%2Fwp%2Fv2%2Fcomments&post=99586"}],"wp:featuredmedia":[{"embeddable":true,"href":"https:\/\/ifoffice.pt\/index.php?rest_route=\/wp\/v2\/media\/126285"}],"wp:attachment":[{"href":"https:\/\/ifoffice.pt\/index.php?rest_route=%2Fwp%2Fv2%2Fmedia&parent=99586"}],"wp:term":[{"taxonomy":"product_brand","embeddable":true,"href":"https:\/\/ifoffice.pt\/index.php?rest_route=%2Fwp%2Fv2%2Fproduct_brand&post=99586"},{"taxonomy":"product_cat","embeddable":true,"href":"https:\/\/ifoffice.pt\/index.php?rest_route=%2Fwp%2Fv2%2Fproduct_cat&post=99586"},{"taxonomy":"product_tag","embeddable":true,"href":"https:\/\/ifoffice.pt\/index.php?rest_route=%2Fwp%2Fv2%2Fproduct_tag&post=99586"}],"curies":[{"name":"wp","href":"https:\/\/api.w.org\/{rel}","templated":true}]}}