{"id":99428,"date":"2021-01-22T23:41:26","date_gmt":"2021-01-22T23:41:26","guid":{"rendered":"https:\/\/ifoffice.pt\/produto\/import-placeholder-for-11920\/"},"modified":"2026-02-23T13:35:47","modified_gmt":"2026-02-23T13:35:47","slug":"lacos-fantasia-15mm-caixa-de-100-unidades","status":"publish","type":"product","link":"https:\/\/ifoffice.pt\/?product=lacos-fantasia-15mm-caixa-de-100-unidades","title":{"rendered":"Lacos fantasia 15mm caixa de 100 unidades"},"content":{"rendered":"<p>Caixa de la\u00e7os fantasia em v\u00e1rias cores. F\u00e1cil de usar.<\/p>\n","protected":false},"excerpt":{"rendered":"<p>Lacos fantasia 15mm caixa de 100 unidades<\/p>\n","protected":false},"featured_media":130942,"comment_status":"closed","ping_status":"closed","template":"","meta":{"neve_meta_sidebar":"","neve_meta_container":"","neve_meta_enable_content_width":"off","neve_meta_content_width":100,"neve_meta_title_alignment":"","neve_meta_author_avatar":"","neve_post_elements_order":"","neve_meta_disable_header":"","neve_meta_disable_footer":"","neve_meta_disable_title":""},"product_brand":[],"product_cat":[1922],"product_tag":[2227],"class_list":{"0":"post-99428","1":"product","2":"type-product","3":"status-publish","4":"has-post-thumbnail","6":"product_cat-fitas-e-lacos","7":"product_tag-lacos","9":"first","10":"instock","11":"taxable","12":"shipping-taxable","13":"purchasable","14":"product-type-simple"},"_links":{"self":[{"href":"https:\/\/ifoffice.pt\/index.php?rest_route=\/wp\/v2\/product\/99428","targetHints":{"allow":["GET"]}}],"collection":[{"href":"https:\/\/ifoffice.pt\/index.php?rest_route=\/wp\/v2\/product"}],"about":[{"href":"https:\/\/ifoffice.pt\/index.php?rest_route=\/wp\/v2\/types\/product"}],"replies":[{"embeddable":true,"href":"https:\/\/ifoffice.pt\/index.php?rest_route=%2Fwp%2Fv2%2Fcomments&post=99428"}],"wp:featuredmedia":[{"embeddable":true,"href":"https:\/\/ifoffice.pt\/index.php?rest_route=\/wp\/v2\/media\/130942"}],"wp:attachment":[{"href":"https:\/\/ifoffice.pt\/index.php?rest_route=%2Fwp%2Fv2%2Fmedia&parent=99428"}],"wp:term":[{"taxonomy":"product_brand","embeddable":true,"href":"https:\/\/ifoffice.pt\/index.php?rest_route=%2Fwp%2Fv2%2Fproduct_brand&post=99428"},{"taxonomy":"product_cat","embeddable":true,"href":"https:\/\/ifoffice.pt\/index.php?rest_route=%2Fwp%2Fv2%2Fproduct_cat&post=99428"},{"taxonomy":"product_tag","embeddable":true,"href":"https:\/\/ifoffice.pt\/index.php?rest_route=%2Fwp%2Fv2%2Fproduct_tag&post=99428"}],"curies":[{"name":"wp","href":"https:\/\/api.w.org\/{rel}","templated":true}]}}