{"id":99425,"date":"2021-01-22T23:41:26","date_gmt":"2021-01-22T23:41:26","guid":{"rendered":"https:\/\/ifoffice.pt\/produto\/import-placeholder-for-11932\/"},"modified":"2026-02-23T14:55:39","modified_gmt":"2026-02-23T14:55:39","slug":"papel-vegetal-90-din-a3-em-folha-90-95-gr","status":"publish","type":"product","link":"https:\/\/ifoffice.pt\/?product=papel-vegetal-90-din-a3-em-folha-90-95-gr","title":{"rendered":"Papel vegetal 90 din a3 em folha 90-95 gr"},"content":{"rendered":"<p>Qualidade Guarro. Papel vegetal de elevada transpar\u00eancia e superf\u00edcie regular  e acetinada. Oferece dureza superficial e interna, resist\u00eancia ao envelhecimento  e nitidez em contra luz. Papel ideal para desenho a l\u00e1pis, tinta e para calcar.  Gramagem 90 gr\/m\u00b2.<\/p>\n","protected":false},"excerpt":{"rendered":"<p>PACK DE 250 UNIDADES<\/p>\n","protected":false},"featured_media":130174,"comment_status":"closed","ping_status":"closed","template":"","meta":{"neve_meta_sidebar":"","neve_meta_container":"","neve_meta_enable_content_width":"off","neve_meta_content_width":0,"neve_meta_title_alignment":"","neve_meta_author_avatar":"","neve_post_elements_order":"","neve_meta_disable_header":"","neve_meta_disable_footer":"","neve_meta_disable_title":""},"product_brand":[],"product_cat":[1949],"product_tag":[2003],"class_list":{"0":"post-99425","1":"product","2":"type-product","3":"status-publish","4":"has-post-thumbnail","6":"product_cat-papel-e-laminas-de-desenho","7":"product_tag-vegetal","9":"first","10":"instock","11":"taxable","12":"shipping-taxable","13":"purchasable","14":"product-type-simple"},"_links":{"self":[{"href":"https:\/\/ifoffice.pt\/index.php?rest_route=\/wp\/v2\/product\/99425","targetHints":{"allow":["GET"]}}],"collection":[{"href":"https:\/\/ifoffice.pt\/index.php?rest_route=\/wp\/v2\/product"}],"about":[{"href":"https:\/\/ifoffice.pt\/index.php?rest_route=\/wp\/v2\/types\/product"}],"replies":[{"embeddable":true,"href":"https:\/\/ifoffice.pt\/index.php?rest_route=%2Fwp%2Fv2%2Fcomments&post=99425"}],"wp:featuredmedia":[{"embeddable":true,"href":"https:\/\/ifoffice.pt\/index.php?rest_route=\/wp\/v2\/media\/130174"}],"wp:attachment":[{"href":"https:\/\/ifoffice.pt\/index.php?rest_route=%2Fwp%2Fv2%2Fmedia&parent=99425"}],"wp:term":[{"taxonomy":"product_brand","embeddable":true,"href":"https:\/\/ifoffice.pt\/index.php?rest_route=%2Fwp%2Fv2%2Fproduct_brand&post=99425"},{"taxonomy":"product_cat","embeddable":true,"href":"https:\/\/ifoffice.pt\/index.php?rest_route=%2Fwp%2Fv2%2Fproduct_cat&post=99425"},{"taxonomy":"product_tag","embeddable":true,"href":"https:\/\/ifoffice.pt\/index.php?rest_route=%2Fwp%2Fv2%2Fproduct_tag&post=99425"}],"curies":[{"name":"wp","href":"https:\/\/api.w.org\/{rel}","templated":true}]}}