{"id":99348,"date":"2021-01-22T23:40:38","date_gmt":"2021-01-22T23:40:38","guid":{"rendered":"https:\/\/ifoffice.pt\/produto\/import-placeholder-for-12953\/"},"modified":"2026-04-01T15:17:44","modified_gmt":"2026-04-01T15:17:44","slug":"guache-hobby-pelikan-40-ml-laranja","status":"publish","type":"product","link":"https:\/\/ifoffice.pt\/?product=guache-hobby-pelikan-40-ml-laranja","title":{"rendered":"Guache hobby pelikan 40 ml laranja"},"content":{"rendered":"<p>Pintura a \u00e1gua, opaca e de secagem r\u00e1pida. Grande poder de cobertura. Ideal para utilizar em papel, cartolina, madeira, tela, pasta para modelar e argila.  Pode-se misturar entre si. Alto conte\u00fado de pigmenta\u00e7\u00e3o.<\/p>\n","protected":false},"excerpt":{"rendered":"<p>PACK DE 6 UNIDADES<\/p>\n","protected":false},"featured_media":129534,"comment_status":"closed","ping_status":"closed","template":"","meta":{"neve_meta_sidebar":"","neve_meta_container":"","neve_meta_enable_content_width":"off","neve_meta_content_width":0,"neve_meta_title_alignment":"","neve_meta_author_avatar":"","neve_post_elements_order":"","neve_meta_disable_header":"","neve_meta_disable_footer":"","neve_meta_disable_title":""},"product_brand":[],"product_cat":[1954],"product_tag":[1561],"class_list":{"0":"post-99348","1":"product","2":"type-product","3":"status-publish","4":"has-post-thumbnail","6":"product_cat-guache","7":"product_tag-guache","9":"first","10":"instock","11":"taxable","12":"shipping-taxable","13":"purchasable","14":"product-type-simple"},"_links":{"self":[{"href":"https:\/\/ifoffice.pt\/index.php?rest_route=\/wp\/v2\/product\/99348","targetHints":{"allow":["GET"]}}],"collection":[{"href":"https:\/\/ifoffice.pt\/index.php?rest_route=\/wp\/v2\/product"}],"about":[{"href":"https:\/\/ifoffice.pt\/index.php?rest_route=\/wp\/v2\/types\/product"}],"replies":[{"embeddable":true,"href":"https:\/\/ifoffice.pt\/index.php?rest_route=%2Fwp%2Fv2%2Fcomments&post=99348"}],"wp:featuredmedia":[{"embeddable":true,"href":"https:\/\/ifoffice.pt\/index.php?rest_route=\/wp\/v2\/media\/129534"}],"wp:attachment":[{"href":"https:\/\/ifoffice.pt\/index.php?rest_route=%2Fwp%2Fv2%2Fmedia&parent=99348"}],"wp:term":[{"taxonomy":"product_brand","embeddable":true,"href":"https:\/\/ifoffice.pt\/index.php?rest_route=%2Fwp%2Fv2%2Fproduct_brand&post=99348"},{"taxonomy":"product_cat","embeddable":true,"href":"https:\/\/ifoffice.pt\/index.php?rest_route=%2Fwp%2Fv2%2Fproduct_cat&post=99348"},{"taxonomy":"product_tag","embeddable":true,"href":"https:\/\/ifoffice.pt\/index.php?rest_route=%2Fwp%2Fv2%2Fproduct_tag&post=99348"}],"curies":[{"name":"wp","href":"https:\/\/api.w.org\/{rel}","templated":true}]}}