{"id":99338,"date":"2021-01-22T23:40:36","date_gmt":"2021-01-22T23:40:36","guid":{"rendered":"https:\/\/ifoffice.pt\/produto\/import-placeholder-for-13267\/"},"modified":"2026-02-23T13:35:36","modified_gmt":"2026-02-23T13:35:36","slug":"lapis-de-cera-plastidecor-com-24-lapis","status":"publish","type":"product","link":"https:\/\/ifoffice.pt\/?product=lapis-de-cera-plastidecor-com-24-lapis","title":{"rendered":"Lapis de cera plastidecor com 24 lapis"},"content":{"rendered":"<p>As cores podem ser misturadas entre si. N\u00e3o se partem  e podem apagar-se. Indicados para uso escolar. N\u00e3o se  colam entre si e n\u00e3o mancham.<\/p>\n","protected":false},"excerpt":{"rendered":"<p>Lapis de cera plastidecor com 24 lapis<\/p>\n","protected":false},"featured_media":131702,"comment_status":"closed","ping_status":"closed","template":"","meta":{"neve_meta_sidebar":"","neve_meta_container":"","neve_meta_enable_content_width":"off","neve_meta_content_width":0,"neve_meta_title_alignment":"","neve_meta_author_avatar":"","neve_post_elements_order":"","neve_meta_disable_header":"","neve_meta_disable_footer":"","neve_meta_disable_title":""},"product_brand":[],"product_cat":[1774],"product_tag":[1545],"class_list":{"0":"post-99338","1":"product","2":"type-product","3":"status-publish","4":"has-post-thumbnail","6":"product_cat-ceras","7":"product_tag-cartao","9":"first","10":"instock","11":"taxable","12":"shipping-taxable","13":"purchasable","14":"product-type-simple"},"_links":{"self":[{"href":"https:\/\/ifoffice.pt\/index.php?rest_route=\/wp\/v2\/product\/99338","targetHints":{"allow":["GET"]}}],"collection":[{"href":"https:\/\/ifoffice.pt\/index.php?rest_route=\/wp\/v2\/product"}],"about":[{"href":"https:\/\/ifoffice.pt\/index.php?rest_route=\/wp\/v2\/types\/product"}],"replies":[{"embeddable":true,"href":"https:\/\/ifoffice.pt\/index.php?rest_route=%2Fwp%2Fv2%2Fcomments&post=99338"}],"wp:featuredmedia":[{"embeddable":true,"href":"https:\/\/ifoffice.pt\/index.php?rest_route=\/wp\/v2\/media\/131702"}],"wp:attachment":[{"href":"https:\/\/ifoffice.pt\/index.php?rest_route=%2Fwp%2Fv2%2Fmedia&parent=99338"}],"wp:term":[{"taxonomy":"product_brand","embeddable":true,"href":"https:\/\/ifoffice.pt\/index.php?rest_route=%2Fwp%2Fv2%2Fproduct_brand&post=99338"},{"taxonomy":"product_cat","embeddable":true,"href":"https:\/\/ifoffice.pt\/index.php?rest_route=%2Fwp%2Fv2%2Fproduct_cat&post=99338"},{"taxonomy":"product_tag","embeddable":true,"href":"https:\/\/ifoffice.pt\/index.php?rest_route=%2Fwp%2Fv2%2Fproduct_tag&post=99338"}],"curies":[{"name":"wp","href":"https:\/\/api.w.org\/{rel}","templated":true}]}}