{"id":99335,"date":"2021-01-22T23:40:35","date_gmt":"2021-01-22T23:40:35","guid":{"rendered":"https:\/\/ifoffice.pt\/produto\/import-placeholder-for-13286\/"},"modified":"2026-02-23T13:35:35","modified_gmt":"2026-02-23T13:35:35","slug":"quadro-branco-q-connect-com-tripe-75x105para-convencoes","status":"publish","type":"product","link":"https:\/\/ifoffice.pt\/?product=quadro-branco-q-connect-com-tripe-75x105para-convencoes","title":{"rendered":"Quadro branco q-connect com tripe 75&#215;105 cm para convencoes"},"content":{"rendered":"<p>Quadro trip\u00e9 com moldura e bandeja em pl\u00e1stico cinza. Ambos aptos para escrita com marcadores para apagar a seco. Tamb\u00e9m aptos para todo o tipo de blocos de papel gra\u00e7as \u00e0 sua mola superior. P\u00e9s telesc\u00f3picos com altura regul\u00e1vel at\u00e9 200 cm. Medidas do painel: 71 x 98 cm. O quadro.<\/p>\n","protected":false},"excerpt":{"rendered":"<p>Quadro branco q-connect com tripe 75&#215;105 cm para convencoes<\/p>\n","protected":false},"featured_media":131248,"comment_status":"closed","ping_status":"closed","template":"","meta":{"neve_meta_sidebar":"","neve_meta_container":"","neve_meta_enable_content_width":"","neve_meta_content_width":0,"neve_meta_title_alignment":"","neve_meta_author_avatar":"","neve_post_elements_order":"","neve_meta_disable_header":"","neve_meta_disable_footer":"","neve_meta_disable_title":""},"product_brand":[],"product_cat":[1863],"product_tag":[1219],"class_list":{"0":"post-99335","1":"product","2":"type-product","3":"status-publish","4":"has-post-thumbnail","6":"product_cat-quadros-brancos","7":"product_tag-branca","9":"first","10":"instock","11":"sale","12":"taxable","13":"shipping-taxable","14":"purchasable","15":"product-type-simple"},"_links":{"self":[{"href":"https:\/\/ifoffice.pt\/index.php?rest_route=\/wp\/v2\/product\/99335","targetHints":{"allow":["GET"]}}],"collection":[{"href":"https:\/\/ifoffice.pt\/index.php?rest_route=\/wp\/v2\/product"}],"about":[{"href":"https:\/\/ifoffice.pt\/index.php?rest_route=\/wp\/v2\/types\/product"}],"replies":[{"embeddable":true,"href":"https:\/\/ifoffice.pt\/index.php?rest_route=%2Fwp%2Fv2%2Fcomments&post=99335"}],"wp:featuredmedia":[{"embeddable":true,"href":"https:\/\/ifoffice.pt\/index.php?rest_route=\/wp\/v2\/media\/131248"}],"wp:attachment":[{"href":"https:\/\/ifoffice.pt\/index.php?rest_route=%2Fwp%2Fv2%2Fmedia&parent=99335"}],"wp:term":[{"taxonomy":"product_brand","embeddable":true,"href":"https:\/\/ifoffice.pt\/index.php?rest_route=%2Fwp%2Fv2%2Fproduct_brand&post=99335"},{"taxonomy":"product_cat","embeddable":true,"href":"https:\/\/ifoffice.pt\/index.php?rest_route=%2Fwp%2Fv2%2Fproduct_cat&post=99335"},{"taxonomy":"product_tag","embeddable":true,"href":"https:\/\/ifoffice.pt\/index.php?rest_route=%2Fwp%2Fv2%2Fproduct_tag&post=99335"}],"curies":[{"name":"wp","href":"https:\/\/api.w.org\/{rel}","templated":true}]}}