{"id":99334,"date":"2021-01-22T23:40:35","date_gmt":"2021-01-22T23:40:35","guid":{"rendered":"https:\/\/ifoffice.pt\/produto\/import-placeholder-for-13301\/"},"modified":"2026-02-23T13:35:35","modified_gmt":"2026-02-23T13:35:35","slug":"tabuleiro-de-secretaria-q-connect-metalico-cromado","status":"publish","type":"product","link":"https:\/\/ifoffice.pt\/?product=tabuleiro-de-secretaria-q-connect-metalico-cromado","title":{"rendered":"Tabuleiro de secretaria q-connect metalico cromado"},"content":{"rendered":"<p>Tabuleiro de secret\u00e1ria cromado para escrit\u00f3rio, empilh\u00e1vel com porta etiquetas. Medidas: 370 x 275 x 90 mm.<\/p>\n","protected":false},"excerpt":{"rendered":"<p>Tabuleiro de secretaria q-connect metalico cromado<\/p>\n","protected":false},"featured_media":131278,"comment_status":"closed","ping_status":"closed","template":"","meta":{"neve_meta_sidebar":"","neve_meta_container":"","neve_meta_enable_content_width":"off","neve_meta_content_width":100,"neve_meta_title_alignment":"","neve_meta_author_avatar":"","neve_post_elements_order":"","neve_meta_disable_header":"","neve_meta_disable_footer":"","neve_meta_disable_title":""},"product_brand":[],"product_cat":[1834],"product_tag":[1121],"class_list":{"0":"post-99334","1":"product","2":"type-product","3":"status-publish","4":"has-post-thumbnail","6":"product_cat-tabuleiros-de-secretaria","7":"product_tag-metal","9":"first","10":"instock","11":"taxable","12":"shipping-taxable","13":"purchasable","14":"product-type-simple"},"_links":{"self":[{"href":"https:\/\/ifoffice.pt\/index.php?rest_route=\/wp\/v2\/product\/99334","targetHints":{"allow":["GET"]}}],"collection":[{"href":"https:\/\/ifoffice.pt\/index.php?rest_route=\/wp\/v2\/product"}],"about":[{"href":"https:\/\/ifoffice.pt\/index.php?rest_route=\/wp\/v2\/types\/product"}],"replies":[{"embeddable":true,"href":"https:\/\/ifoffice.pt\/index.php?rest_route=%2Fwp%2Fv2%2Fcomments&post=99334"}],"wp:featuredmedia":[{"embeddable":true,"href":"https:\/\/ifoffice.pt\/index.php?rest_route=\/wp\/v2\/media\/131278"}],"wp:attachment":[{"href":"https:\/\/ifoffice.pt\/index.php?rest_route=%2Fwp%2Fv2%2Fmedia&parent=99334"}],"wp:term":[{"taxonomy":"product_brand","embeddable":true,"href":"https:\/\/ifoffice.pt\/index.php?rest_route=%2Fwp%2Fv2%2Fproduct_brand&post=99334"},{"taxonomy":"product_cat","embeddable":true,"href":"https:\/\/ifoffice.pt\/index.php?rest_route=%2Fwp%2Fv2%2Fproduct_cat&post=99334"},{"taxonomy":"product_tag","embeddable":true,"href":"https:\/\/ifoffice.pt\/index.php?rest_route=%2Fwp%2Fv2%2Fproduct_tag&post=99334"}],"curies":[{"name":"wp","href":"https:\/\/api.w.org\/{rel}","templated":true}]}}