{"id":99308,"date":"2021-01-22T23:40:13","date_gmt":"2021-01-22T23:40:13","guid":{"rendered":"https:\/\/ifoffice.pt\/produto\/import-placeholder-for-13304\/"},"modified":"2026-02-23T13:35:35","modified_gmt":"2026-02-23T13:35:35","slug":"desenrolador-para-embalagens-330","status":"publish","type":"product","link":"https:\/\/ifoffice.pt\/?product=desenrolador-para-embalagens-330","title":{"rendered":"Desenrolador para embalagens 330"},"content":{"rendered":"<p>Desenrolador para fita de embalagem com cabo r\u00edgido. Ideal para um uso cont\u00ednuo. Muito resistente. N\u00e3o inclui fita. O desenrolador.<\/p>\n","protected":false},"excerpt":{"rendered":"<p>Desenrolador para embalagens 330<\/p>\n","protected":false},"featured_media":130273,"comment_status":"closed","ping_status":"closed","template":"","meta":{"neve_meta_sidebar":"","neve_meta_container":"","neve_meta_enable_content_width":"off","neve_meta_content_width":100,"neve_meta_title_alignment":"","neve_meta_author_avatar":"","neve_post_elements_order":"","neve_meta_disable_header":"","neve_meta_disable_footer":"","neve_meta_disable_title":""},"product_brand":[],"product_cat":[1869],"product_tag":[899],"class_list":{"0":"post-99308","1":"product","2":"type-product","3":"status-publish","4":"has-post-thumbnail","6":"product_cat-guilhotina-metalica","7":"product_tag-porta-rolos","9":"first","10":"instock","11":"taxable","12":"shipping-taxable","13":"purchasable","14":"product-type-simple"},"_links":{"self":[{"href":"https:\/\/ifoffice.pt\/index.php?rest_route=\/wp\/v2\/product\/99308","targetHints":{"allow":["GET"]}}],"collection":[{"href":"https:\/\/ifoffice.pt\/index.php?rest_route=\/wp\/v2\/product"}],"about":[{"href":"https:\/\/ifoffice.pt\/index.php?rest_route=\/wp\/v2\/types\/product"}],"replies":[{"embeddable":true,"href":"https:\/\/ifoffice.pt\/index.php?rest_route=%2Fwp%2Fv2%2Fcomments&post=99308"}],"wp:featuredmedia":[{"embeddable":true,"href":"https:\/\/ifoffice.pt\/index.php?rest_route=\/wp\/v2\/media\/130273"}],"wp:attachment":[{"href":"https:\/\/ifoffice.pt\/index.php?rest_route=%2Fwp%2Fv2%2Fmedia&parent=99308"}],"wp:term":[{"taxonomy":"product_brand","embeddable":true,"href":"https:\/\/ifoffice.pt\/index.php?rest_route=%2Fwp%2Fv2%2Fproduct_brand&post=99308"},{"taxonomy":"product_cat","embeddable":true,"href":"https:\/\/ifoffice.pt\/index.php?rest_route=%2Fwp%2Fv2%2Fproduct_cat&post=99308"},{"taxonomy":"product_tag","embeddable":true,"href":"https:\/\/ifoffice.pt\/index.php?rest_route=%2Fwp%2Fv2%2Fproduct_tag&post=99308"}],"curies":[{"name":"wp","href":"https:\/\/api.w.org\/{rel}","templated":true}]}}