{"id":99254,"date":"2021-01-22T23:39:46","date_gmt":"2021-01-22T23:39:46","guid":{"rendered":"https:\/\/ifoffice.pt\/produto\/import-placeholder-for-14374\/"},"modified":"2026-02-23T13:35:29","modified_gmt":"2026-02-23T13:35:29","slug":"adaptador-de-lapis-stetro","status":"publish","type":"product","link":"https:\/\/ifoffice.pt\/?product=adaptador-de-lapis-stetro","title":{"rendered":"Adaptador de lapis stetro caixa de 100 unidades"},"content":{"rendered":"<p>Adaptador de borracha moldado \u00e0 posi\u00e7\u00e3o dos dedos. Ideal para uma  aprendizagem correcta da posi\u00e7\u00e3o dos dedos e das m\u00e3os na escrita. Pode  adaptar-se tanto a esquerdinos como a destros. Recomendado pelos  educadores. Cores sortidas. Caixa de 100 unidades.<\/p>\n","protected":false},"excerpt":{"rendered":"<p>Adaptador de lapis stetro caixa de 100 unidades<\/p>\n","protected":false},"featured_media":130625,"comment_status":"closed","ping_status":"closed","template":"","meta":{"neve_meta_sidebar":"","neve_meta_container":"","neve_meta_enable_content_width":"off","neve_meta_content_width":0,"neve_meta_title_alignment":"","neve_meta_author_avatar":"","neve_post_elements_order":"","neve_meta_disable_header":"","neve_meta_disable_footer":"","neve_meta_disable_title":""},"product_brand":[],"product_cat":[1781],"product_tag":[1993],"class_list":{"0":"post-99254","1":"product","2":"type-product","3":"status-publish","4":"has-post-thumbnail","6":"product_cat-outros-artigos-escolares","7":"product_tag-casa-infantil","9":"first","10":"instock","11":"taxable","12":"shipping-taxable","13":"purchasable","14":"product-type-simple"},"_links":{"self":[{"href":"https:\/\/ifoffice.pt\/index.php?rest_route=\/wp\/v2\/product\/99254","targetHints":{"allow":["GET"]}}],"collection":[{"href":"https:\/\/ifoffice.pt\/index.php?rest_route=\/wp\/v2\/product"}],"about":[{"href":"https:\/\/ifoffice.pt\/index.php?rest_route=\/wp\/v2\/types\/product"}],"replies":[{"embeddable":true,"href":"https:\/\/ifoffice.pt\/index.php?rest_route=%2Fwp%2Fv2%2Fcomments&post=99254"}],"wp:featuredmedia":[{"embeddable":true,"href":"https:\/\/ifoffice.pt\/index.php?rest_route=\/wp\/v2\/media\/130625"}],"wp:attachment":[{"href":"https:\/\/ifoffice.pt\/index.php?rest_route=%2Fwp%2Fv2%2Fmedia&parent=99254"}],"wp:term":[{"taxonomy":"product_brand","embeddable":true,"href":"https:\/\/ifoffice.pt\/index.php?rest_route=%2Fwp%2Fv2%2Fproduct_brand&post=99254"},{"taxonomy":"product_cat","embeddable":true,"href":"https:\/\/ifoffice.pt\/index.php?rest_route=%2Fwp%2Fv2%2Fproduct_cat&post=99254"},{"taxonomy":"product_tag","embeddable":true,"href":"https:\/\/ifoffice.pt\/index.php?rest_route=%2Fwp%2Fv2%2Fproduct_tag&post=99254"}],"curies":[{"name":"wp","href":"https:\/\/api.w.org\/{rel}","templated":true}]}}