{"id":99156,"date":"2021-01-22T23:38:55","date_gmt":"2021-01-22T23:38:55","guid":{"rendered":"https:\/\/ifoffice.pt\/produto\/import-placeholder-for-15522\/"},"modified":"2025-03-12T12:06:14","modified_gmt":"2025-03-12T12:06:14","slug":"fita-fantasia-verde-10mtx19mm","status":"publish","type":"product","link":"https:\/\/ifoffice.pt\/?product=fita-fantasia-verde-10mtx19mm","title":{"rendered":"Fita fantasia verde 10mtx19mm"},"content":{"rendered":"<p>Bobine de fita fantasia, ideal para fazer la\u00e7os. Dispon\u00edvel em v\u00e1rias cores. 10 m de comprimento.<\/p>\n","protected":false},"excerpt":{"rendered":"<p>PACK DE 18 UNIDADES<\/p>\n","protected":false},"featured_media":126109,"comment_status":"closed","ping_status":"closed","template":"","meta":{"neve_meta_sidebar":"","neve_meta_container":"","neve_meta_enable_content_width":"off","neve_meta_content_width":0,"neve_meta_title_alignment":"","neve_meta_author_avatar":"","neve_post_elements_order":"","neve_meta_disable_header":"","neve_meta_disable_footer":"","neve_meta_disable_title":""},"product_brand":[],"product_cat":[1922],"product_tag":[1329],"class_list":{"0":"post-99156","1":"product","2":"type-product","3":"status-publish","4":"has-post-thumbnail","6":"product_cat-fitas-e-lacos","7":"product_tag-fitas","9":"first","10":"outofstock","11":"taxable","12":"shipping-taxable","13":"purchasable","14":"product-type-simple"},"_links":{"self":[{"href":"https:\/\/ifoffice.pt\/index.php?rest_route=\/wp\/v2\/product\/99156","targetHints":{"allow":["GET"]}}],"collection":[{"href":"https:\/\/ifoffice.pt\/index.php?rest_route=\/wp\/v2\/product"}],"about":[{"href":"https:\/\/ifoffice.pt\/index.php?rest_route=\/wp\/v2\/types\/product"}],"replies":[{"embeddable":true,"href":"https:\/\/ifoffice.pt\/index.php?rest_route=%2Fwp%2Fv2%2Fcomments&post=99156"}],"wp:featuredmedia":[{"embeddable":true,"href":"https:\/\/ifoffice.pt\/index.php?rest_route=\/wp\/v2\/media\/126109"}],"wp:attachment":[{"href":"https:\/\/ifoffice.pt\/index.php?rest_route=%2Fwp%2Fv2%2Fmedia&parent=99156"}],"wp:term":[{"taxonomy":"product_brand","embeddable":true,"href":"https:\/\/ifoffice.pt\/index.php?rest_route=%2Fwp%2Fv2%2Fproduct_brand&post=99156"},{"taxonomy":"product_cat","embeddable":true,"href":"https:\/\/ifoffice.pt\/index.php?rest_route=%2Fwp%2Fv2%2Fproduct_cat&post=99156"},{"taxonomy":"product_tag","embeddable":true,"href":"https:\/\/ifoffice.pt\/index.php?rest_route=%2Fwp%2Fv2%2Fproduct_tag&post=99156"}],"curies":[{"name":"wp","href":"https:\/\/api.w.org\/{rel}","templated":true}]}}