{"id":99144,"date":"2021-01-22T23:38:53","date_gmt":"2021-01-22T23:38:53","guid":{"rendered":"https:\/\/ifoffice.pt\/produto\/import-placeholder-for-15541\/"},"modified":"2025-05-28T09:17:46","modified_gmt":"2025-05-28T09:17:46","slug":"fita-fantasia-em-bobine-azul-450mtx5mm","status":"publish","type":"product","link":"https:\/\/ifoffice.pt\/?product=fita-fantasia-em-bobine-azul-450mtx5mm","title":{"rendered":"Fita fantasia em bobine azul 450mtx5mm"},"content":{"rendered":"<p>Bobine de fita fantasia, ideal para fazer la\u00e7os. Medidas: 450 m de comprimento e 5 mm de largura. Dispon\u00edvel em v\u00e1rias cores.<\/p>\n","protected":false},"excerpt":{"rendered":"<p>Fita fantasia em bobine azul 450mtx5mm<\/p>\n","protected":false},"featured_media":131603,"comment_status":"closed","ping_status":"closed","template":"","meta":{"neve_meta_sidebar":"","neve_meta_container":"","neve_meta_enable_content_width":"off","neve_meta_content_width":0,"neve_meta_title_alignment":"","neve_meta_author_avatar":"","neve_post_elements_order":"","neve_meta_disable_header":"","neve_meta_disable_footer":"","neve_meta_disable_title":""},"product_brand":[],"product_cat":[1922],"product_tag":[1329],"class_list":{"0":"post-99144","1":"product","2":"type-product","3":"status-publish","4":"has-post-thumbnail","6":"product_cat-fitas-e-lacos","7":"product_tag-fitas","9":"first","10":"instock","11":"taxable","12":"shipping-taxable","13":"purchasable","14":"product-type-variable"},"_links":{"self":[{"href":"https:\/\/ifoffice.pt\/index.php?rest_route=\/wp\/v2\/product\/99144","targetHints":{"allow":["GET"]}}],"collection":[{"href":"https:\/\/ifoffice.pt\/index.php?rest_route=\/wp\/v2\/product"}],"about":[{"href":"https:\/\/ifoffice.pt\/index.php?rest_route=\/wp\/v2\/types\/product"}],"replies":[{"embeddable":true,"href":"https:\/\/ifoffice.pt\/index.php?rest_route=%2Fwp%2Fv2%2Fcomments&post=99144"}],"wp:featuredmedia":[{"embeddable":true,"href":"https:\/\/ifoffice.pt\/index.php?rest_route=\/wp\/v2\/media\/131603"}],"wp:attachment":[{"href":"https:\/\/ifoffice.pt\/index.php?rest_route=%2Fwp%2Fv2%2Fmedia&parent=99144"}],"wp:term":[{"taxonomy":"product_brand","embeddable":true,"href":"https:\/\/ifoffice.pt\/index.php?rest_route=%2Fwp%2Fv2%2Fproduct_brand&post=99144"},{"taxonomy":"product_cat","embeddable":true,"href":"https:\/\/ifoffice.pt\/index.php?rest_route=%2Fwp%2Fv2%2Fproduct_cat&post=99144"},{"taxonomy":"product_tag","embeddable":true,"href":"https:\/\/ifoffice.pt\/index.php?rest_route=%2Fwp%2Fv2%2Fproduct_tag&post=99144"}],"curies":[{"name":"wp","href":"https:\/\/api.w.org\/{rel}","templated":true}]}}