{"id":99095,"date":"2021-01-22T23:38:29","date_gmt":"2021-01-22T23:38:29","guid":{"rendered":"https:\/\/ifoffice.pt\/produto\/import-placeholder-for-16418\/"},"modified":"2026-02-23T13:35:14","modified_gmt":"2026-02-23T13:35:14","slug":"cola-spray-mount-adesiva-3m-pack-de-400-ml","status":"publish","type":"product","link":"https:\/\/ifoffice.pt\/produto\/cola-spray-mount-adesiva-3m-pack-de-400-ml\/","title":{"rendered":"Cola spray mount adesiva 3m, pack de 400 ml"},"content":{"rendered":"<p>Para uma r\u00e1pida cobertura de grandes superf\u00edcies. Proporciona uni\u00f5es firmes praticamente imediatas, permitindo reposicionar as pe\u00e7as durante as primeiras 24 horas. O frasco.<\/p>\n","protected":false},"excerpt":{"rendered":"<p>Cola spray mount adesiva 3m, pack de 400 ml<\/p>\n","protected":false},"featured_media":130664,"comment_status":"closed","ping_status":"closed","template":"","meta":{"neve_meta_sidebar":"","neve_meta_container":"","neve_meta_enable_content_width":"","neve_meta_content_width":0,"neve_meta_title_alignment":"","neve_meta_author_avatar":"","neve_post_elements_order":"","neve_meta_disable_header":"","neve_meta_disable_footer":"","neve_meta_disable_title":""},"product_brand":[],"product_cat":[2211],"product_tag":[2365],"class_list":{"0":"post-99095","1":"product","2":"type-product","3":"status-publish","4":"has-post-thumbnail","6":"product_cat-cola-em-spray","7":"product_tag-removivel","9":"first","10":"instock","11":"taxable","12":"shipping-taxable","13":"purchasable","14":"product-type-simple"},"_links":{"self":[{"href":"https:\/\/ifoffice.pt\/wp-json\/wp\/v2\/product\/99095","targetHints":{"allow":["GET"]}}],"collection":[{"href":"https:\/\/ifoffice.pt\/wp-json\/wp\/v2\/product"}],"about":[{"href":"https:\/\/ifoffice.pt\/wp-json\/wp\/v2\/types\/product"}],"replies":[{"embeddable":true,"href":"https:\/\/ifoffice.pt\/wp-json\/wp\/v2\/comments?post=99095"}],"wp:featuredmedia":[{"embeddable":true,"href":"https:\/\/ifoffice.pt\/wp-json\/wp\/v2\/media\/130664"}],"wp:attachment":[{"href":"https:\/\/ifoffice.pt\/wp-json\/wp\/v2\/media?parent=99095"}],"wp:term":[{"taxonomy":"product_brand","embeddable":true,"href":"https:\/\/ifoffice.pt\/wp-json\/wp\/v2\/product_brand?post=99095"},{"taxonomy":"product_cat","embeddable":true,"href":"https:\/\/ifoffice.pt\/wp-json\/wp\/v2\/product_cat?post=99095"},{"taxonomy":"product_tag","embeddable":true,"href":"https:\/\/ifoffice.pt\/wp-json\/wp\/v2\/product_tag?post=99095"}],"curies":[{"name":"wp","href":"https:\/\/api.w.org\/{rel}","templated":true}]}}