{"id":99039,"date":"2021-01-22T23:38:02","date_gmt":"2021-01-22T23:38:02","guid":{"rendered":"https:\/\/ifoffice.pt\/produto\/import-placeholder-for-16795\/"},"modified":"2026-02-23T14:55:39","modified_gmt":"2026-02-23T14:55:39","slug":"papel-de-desenho-liderpapel-210x297mm-150g-m2-com-caixa","status":"publish","type":"product","link":"https:\/\/ifoffice.pt\/?product=papel-de-desenho-liderpapel-210x297mm-150g-m2-com-caixa","title":{"rendered":"Papel de desenho liderpapel 210x297mm 150g\/m2 com caixa"},"content":{"rendered":"<p>150 g\/m\u00b2. Formato Din A4. Papel branco de superf\u00edcie regular acetinada. Aplica\u00e7\u00e3o: ideal para desenho linear com marcadores e l\u00e1pis de dureza entre 1B e 5B. Com caixa estampada. A folha.<\/p>\n","protected":false},"excerpt":{"rendered":"<p>PACK DE 250 UNIDADES<\/p>\n","protected":false},"featured_media":130176,"comment_status":"closed","ping_status":"closed","template":"","meta":{"neve_meta_sidebar":"","neve_meta_container":"","neve_meta_enable_content_width":"off","neve_meta_content_width":0,"neve_meta_title_alignment":"","neve_meta_author_avatar":"","neve_post_elements_order":"","neve_meta_disable_header":"","neve_meta_disable_footer":"","neve_meta_disable_title":""},"product_brand":[],"product_cat":[1949],"product_tag":[2032],"class_list":{"0":"post-99039","1":"product","2":"type-product","3":"status-publish","4":"has-post-thumbnail","6":"product_cat-papel-e-laminas-de-desenho","7":"product_tag-desenho-lineal","9":"first","10":"outofstock","11":"taxable","12":"shipping-taxable","13":"purchasable","14":"product-type-simple"},"_links":{"self":[{"href":"https:\/\/ifoffice.pt\/index.php?rest_route=\/wp\/v2\/product\/99039","targetHints":{"allow":["GET"]}}],"collection":[{"href":"https:\/\/ifoffice.pt\/index.php?rest_route=\/wp\/v2\/product"}],"about":[{"href":"https:\/\/ifoffice.pt\/index.php?rest_route=\/wp\/v2\/types\/product"}],"replies":[{"embeddable":true,"href":"https:\/\/ifoffice.pt\/index.php?rest_route=%2Fwp%2Fv2%2Fcomments&post=99039"}],"wp:featuredmedia":[{"embeddable":true,"href":"https:\/\/ifoffice.pt\/index.php?rest_route=\/wp\/v2\/media\/130176"}],"wp:attachment":[{"href":"https:\/\/ifoffice.pt\/index.php?rest_route=%2Fwp%2Fv2%2Fmedia&parent=99039"}],"wp:term":[{"taxonomy":"product_brand","embeddable":true,"href":"https:\/\/ifoffice.pt\/index.php?rest_route=%2Fwp%2Fv2%2Fproduct_brand&post=99039"},{"taxonomy":"product_cat","embeddable":true,"href":"https:\/\/ifoffice.pt\/index.php?rest_route=%2Fwp%2Fv2%2Fproduct_cat&post=99039"},{"taxonomy":"product_tag","embeddable":true,"href":"https:\/\/ifoffice.pt\/index.php?rest_route=%2Fwp%2Fv2%2Fproduct_tag&post=99039"}],"curies":[{"name":"wp","href":"https:\/\/api.w.org\/{rel}","templated":true}]}}