{"id":98966,"date":"2021-01-22T23:37:15","date_gmt":"2021-01-22T23:37:15","guid":{"rendered":"https:\/\/ifoffice.pt\/produto\/import-placeholder-for-17419\/"},"modified":"2026-02-23T13:35:03","modified_gmt":"2026-02-23T13:35:03","slug":"porta-assinaturas-pardo-0874-preto-12-departamentos","status":"publish","type":"product","link":"https:\/\/ifoffice.pt\/?product=porta-assinaturas-pardo-0874-preto-12-departamentos","title":{"rendered":"Porta assinaturas pardo 0874 preto -12 departamentos"},"content":{"rendered":"<p>Livro de assinaturas fabricado em imita\u00e7\u00e3o de pele com capa acolchoada. Com lombada tipo fole. Com departamentos de cartolina dupla, refor\u00e7ados. Com visor na capa. Medidas: 335 x 245 mm.<\/p>\n","protected":false},"excerpt":{"rendered":"<p>Porta assinaturas pardo 0874 preto -12 departamentos<\/p>\n","protected":false},"featured_media":131901,"comment_status":"closed","ping_status":"closed","template":"","meta":{"neve_meta_sidebar":"","neve_meta_container":"","neve_meta_enable_content_width":"off","neve_meta_content_width":0,"neve_meta_title_alignment":"","neve_meta_author_avatar":"","neve_post_elements_order":"","neve_meta_disable_header":"","neve_meta_disable_footer":"","neve_meta_disable_title":""},"product_brand":[],"product_cat":[1839],"product_tag":[],"class_list":{"0":"post-98966","1":"product","2":"type-product","3":"status-publish","4":"has-post-thumbnail","6":"product_cat-porta-assinaturas-porta-menus","8":"first","9":"instock","10":"taxable","11":"shipping-taxable","12":"purchasable","13":"product-type-simple"},"_links":{"self":[{"href":"https:\/\/ifoffice.pt\/index.php?rest_route=\/wp\/v2\/product\/98966","targetHints":{"allow":["GET"]}}],"collection":[{"href":"https:\/\/ifoffice.pt\/index.php?rest_route=\/wp\/v2\/product"}],"about":[{"href":"https:\/\/ifoffice.pt\/index.php?rest_route=\/wp\/v2\/types\/product"}],"replies":[{"embeddable":true,"href":"https:\/\/ifoffice.pt\/index.php?rest_route=%2Fwp%2Fv2%2Fcomments&post=98966"}],"wp:featuredmedia":[{"embeddable":true,"href":"https:\/\/ifoffice.pt\/index.php?rest_route=\/wp\/v2\/media\/131901"}],"wp:attachment":[{"href":"https:\/\/ifoffice.pt\/index.php?rest_route=%2Fwp%2Fv2%2Fmedia&parent=98966"}],"wp:term":[{"taxonomy":"product_brand","embeddable":true,"href":"https:\/\/ifoffice.pt\/index.php?rest_route=%2Fwp%2Fv2%2Fproduct_brand&post=98966"},{"taxonomy":"product_cat","embeddable":true,"href":"https:\/\/ifoffice.pt\/index.php?rest_route=%2Fwp%2Fv2%2Fproduct_cat&post=98966"},{"taxonomy":"product_tag","embeddable":true,"href":"https:\/\/ifoffice.pt\/index.php?rest_route=%2Fwp%2Fv2%2Fproduct_tag&post=98966"}],"curies":[{"name":"wp","href":"https:\/\/api.w.org\/{rel}","templated":true}]}}