{"id":98962,"date":"2021-01-22T23:37:14","date_gmt":"2021-01-22T23:37:14","guid":{"rendered":"https:\/\/ifoffice.pt\/produto\/import-placeholder-for-17717\/"},"modified":"2026-02-23T14:55:39","modified_gmt":"2026-02-23T14:55:39","slug":"papel-de-desenho-basik-32-5x46-130-gr-sem-esquadria","status":"publish","type":"product","link":"https:\/\/ifoffice.pt\/?product=papel-de-desenho-basik-32-5x46-130-gr-sem-esquadria","title":{"rendered":"Papel de desenho basik 32.5&#215;46 130 gr sem esquadria"},"content":{"rendered":"<p>Papel de cor branco natural, muito bem colado, que oferece dureza e  regularidade na sua superf\u00edcie. Ligeiramente acetinado. Aplica\u00e7\u00e3o: papel muito  polivalente, ideal para desenho a l\u00e1pis, tinta e ceras. Gramagem 130g\/m\u00b2.<\/p>\n","protected":false},"excerpt":{"rendered":"<p>PACK DE 250 UNIDADES<\/p>\n","protected":false},"featured_media":130173,"comment_status":"closed","ping_status":"closed","template":"","meta":{"neve_meta_sidebar":"","neve_meta_container":"","neve_meta_enable_content_width":"off","neve_meta_content_width":0,"neve_meta_title_alignment":"","neve_meta_author_avatar":"","neve_post_elements_order":"","neve_meta_disable_header":"","neve_meta_disable_footer":"","neve_meta_disable_title":""},"product_brand":[],"product_cat":[1949],"product_tag":[2130],"class_list":{"0":"post-98962","1":"product","2":"type-product","3":"status-publish","4":"has-post-thumbnail","6":"product_cat-papel-e-laminas-de-desenho","7":"product_tag-desenho-artistico","9":"first","10":"instock","11":"taxable","12":"shipping-taxable","13":"purchasable","14":"product-type-simple"},"_links":{"self":[{"href":"https:\/\/ifoffice.pt\/index.php?rest_route=\/wp\/v2\/product\/98962","targetHints":{"allow":["GET"]}}],"collection":[{"href":"https:\/\/ifoffice.pt\/index.php?rest_route=\/wp\/v2\/product"}],"about":[{"href":"https:\/\/ifoffice.pt\/index.php?rest_route=\/wp\/v2\/types\/product"}],"replies":[{"embeddable":true,"href":"https:\/\/ifoffice.pt\/index.php?rest_route=%2Fwp%2Fv2%2Fcomments&post=98962"}],"wp:featuredmedia":[{"embeddable":true,"href":"https:\/\/ifoffice.pt\/index.php?rest_route=\/wp\/v2\/media\/130173"}],"wp:attachment":[{"href":"https:\/\/ifoffice.pt\/index.php?rest_route=%2Fwp%2Fv2%2Fmedia&parent=98962"}],"wp:term":[{"taxonomy":"product_brand","embeddable":true,"href":"https:\/\/ifoffice.pt\/index.php?rest_route=%2Fwp%2Fv2%2Fproduct_brand&post=98962"},{"taxonomy":"product_cat","embeddable":true,"href":"https:\/\/ifoffice.pt\/index.php?rest_route=%2Fwp%2Fv2%2Fproduct_cat&post=98962"},{"taxonomy":"product_tag","embeddable":true,"href":"https:\/\/ifoffice.pt\/index.php?rest_route=%2Fwp%2Fv2%2Fproduct_tag&post=98962"}],"curies":[{"name":"wp","href":"https:\/\/api.w.org\/{rel}","templated":true}]}}