{"id":98913,"date":"2021-01-22T23:36:49","date_gmt":"2021-01-22T23:36:49","guid":{"rendered":"https:\/\/ifoffice.pt\/produto\/import-placeholder-for-17968\/"},"modified":"2026-02-23T13:34:57","modified_gmt":"2026-02-23T13:34:57","slug":"bloco-de-desenho-geler-colado-325x460mm-20-folhas","status":"publish","type":"product","link":"https:\/\/ifoffice.pt\/?product=bloco-de-desenho-geler-colado-325x460mm-20-folhas","title":{"rendered":"Bloco de desenho geler colado 325x460mm 20 folhas"},"content":{"rendered":"<p>20 folhas de 240 g\/m\u00b2. Papel aguarela, de cor branca natural com marcas  de \u00e1gua. Fabricada em forma redonda, possu\u00ed uma excelente qualidade e  resist\u00eancia. Permite a m\u00e1xima absor\u00e7\u00e3o da \u00e1gua.<\/p>\n","protected":false},"excerpt":{"rendered":"<p>Bloco de desenho geler colado 325x460mm 20 folhas<\/p>\n","protected":false},"featured_media":131404,"comment_status":"closed","ping_status":"closed","template":"","meta":{"neve_meta_sidebar":"","neve_meta_container":"","neve_meta_enable_content_width":"off","neve_meta_content_width":0,"neve_meta_title_alignment":"","neve_meta_author_avatar":"","neve_post_elements_order":"","neve_meta_disable_header":"","neve_meta_disable_footer":"","neve_meta_disable_title":""},"product_brand":[],"product_cat":[1749],"product_tag":[1296],"class_list":{"0":"post-98913","1":"product","2":"type-product","3":"status-publish","4":"has-post-thumbnail","6":"product_cat-blocos-de-desenho","7":"product_tag-aguarela","9":"first","10":"instock","11":"taxable","12":"shipping-taxable","13":"purchasable","14":"product-type-simple"},"_links":{"self":[{"href":"https:\/\/ifoffice.pt\/index.php?rest_route=\/wp\/v2\/product\/98913","targetHints":{"allow":["GET"]}}],"collection":[{"href":"https:\/\/ifoffice.pt\/index.php?rest_route=\/wp\/v2\/product"}],"about":[{"href":"https:\/\/ifoffice.pt\/index.php?rest_route=\/wp\/v2\/types\/product"}],"replies":[{"embeddable":true,"href":"https:\/\/ifoffice.pt\/index.php?rest_route=%2Fwp%2Fv2%2Fcomments&post=98913"}],"wp:featuredmedia":[{"embeddable":true,"href":"https:\/\/ifoffice.pt\/index.php?rest_route=\/wp\/v2\/media\/131404"}],"wp:attachment":[{"href":"https:\/\/ifoffice.pt\/index.php?rest_route=%2Fwp%2Fv2%2Fmedia&parent=98913"}],"wp:term":[{"taxonomy":"product_brand","embeddable":true,"href":"https:\/\/ifoffice.pt\/index.php?rest_route=%2Fwp%2Fv2%2Fproduct_brand&post=98913"},{"taxonomy":"product_cat","embeddable":true,"href":"https:\/\/ifoffice.pt\/index.php?rest_route=%2Fwp%2Fv2%2Fproduct_cat&post=98913"},{"taxonomy":"product_tag","embeddable":true,"href":"https:\/\/ifoffice.pt\/index.php?rest_route=%2Fwp%2Fv2%2Fproduct_tag&post=98913"}],"curies":[{"name":"wp","href":"https:\/\/api.w.org\/{rel}","templated":true}]}}