{"id":98911,"date":"2021-01-22T23:36:49","date_gmt":"2021-01-22T23:36:49","guid":{"rendered":"https:\/\/ifoffice.pt\/produto\/import-placeholder-for-17989\/"},"modified":"2025-03-12T12:05:41","modified_gmt":"2025-03-12T12:05:41","slug":"flauta-madeira-hohner-2-pecas-melodia","status":"publish","type":"product","link":"https:\/\/ifoffice.pt\/?product=flauta-madeira-hohner-2-pecas-melodia","title":{"rendered":"Flauta madeira hohner 2 pecas melodia"},"content":{"rendered":"<p>Flauta melodia de duas pe\u00e7as, fabricada em madeira de peral, especialmente adequada para a forma\u00e7\u00e3o b\u00e1sica musical, agrad\u00e1vel ao toque, tato muito suave.  Inclui vareta de limpeza e pastilha de cera para a sua manuten\u00e7\u00e3o. Apresenta\u00e7\u00e3o em caixa de luxo.<\/p>\n","protected":false},"excerpt":{"rendered":"<p>Flauta madeira hohner 2 pecas melodia<\/p>\n","protected":false},"featured_media":131609,"comment_status":"closed","ping_status":"closed","template":"","meta":{"neve_meta_sidebar":"","neve_meta_container":"","neve_meta_enable_content_width":"off","neve_meta_content_width":0,"neve_meta_title_alignment":"","neve_meta_author_avatar":"","neve_post_elements_order":"","neve_meta_disable_header":"","neve_meta_disable_footer":"","neve_meta_disable_title":""},"product_brand":[],"product_cat":[2832],"product_tag":[1554],"class_list":{"0":"post-98911","1":"product","2":"type-product","3":"status-publish","4":"has-post-thumbnail","6":"product_cat-instrumentos-musicais","7":"product_tag-flautas","9":"first","10":"outofstock","11":"taxable","12":"shipping-taxable","13":"purchasable","14":"product-type-simple"},"_links":{"self":[{"href":"https:\/\/ifoffice.pt\/index.php?rest_route=\/wp\/v2\/product\/98911","targetHints":{"allow":["GET"]}}],"collection":[{"href":"https:\/\/ifoffice.pt\/index.php?rest_route=\/wp\/v2\/product"}],"about":[{"href":"https:\/\/ifoffice.pt\/index.php?rest_route=\/wp\/v2\/types\/product"}],"replies":[{"embeddable":true,"href":"https:\/\/ifoffice.pt\/index.php?rest_route=%2Fwp%2Fv2%2Fcomments&post=98911"}],"wp:featuredmedia":[{"embeddable":true,"href":"https:\/\/ifoffice.pt\/index.php?rest_route=\/wp\/v2\/media\/131609"}],"wp:attachment":[{"href":"https:\/\/ifoffice.pt\/index.php?rest_route=%2Fwp%2Fv2%2Fmedia&parent=98911"}],"wp:term":[{"taxonomy":"product_brand","embeddable":true,"href":"https:\/\/ifoffice.pt\/index.php?rest_route=%2Fwp%2Fv2%2Fproduct_brand&post=98911"},{"taxonomy":"product_cat","embeddable":true,"href":"https:\/\/ifoffice.pt\/index.php?rest_route=%2Fwp%2Fv2%2Fproduct_cat&post=98911"},{"taxonomy":"product_tag","embeddable":true,"href":"https:\/\/ifoffice.pt\/index.php?rest_route=%2Fwp%2Fv2%2Fproduct_tag&post=98911"}],"curies":[{"name":"wp","href":"https:\/\/api.w.org\/{rel}","templated":true}]}}