{"id":98818,"date":"2021-01-22T23:36:01","date_gmt":"2021-01-22T23:36:01","guid":{"rendered":"https:\/\/ifoffice.pt\/produto\/import-placeholder-for-18830\/"},"modified":"2026-02-23T13:34:51","modified_gmt":"2026-02-23T13:34:51","slug":"flauta-plastico-hohner-2-pecas","status":"publish","type":"product","link":"https:\/\/ifoffice.pt\/?product=flauta-plastico-hohner-2-pecas","title":{"rendered":"Flauta plastico hohner 2 pecas"},"content":{"rendered":"<p>Flauta de duas pe\u00e7as, especialmente adequada para a forma\u00e7\u00e3o b\u00e1sica musical. Para jardins de inf\u00e2ncia, agrad\u00e1vel ao toque. Limpa-se facilmente, sint\u00e9tica, com  vareta de limpeza e folha de instru\u00e7\u00f5es. Com bolsa laranja.<\/p>\n","protected":false},"excerpt":{"rendered":"<p>Flauta plastico hohner 2 pecas<\/p>\n","protected":false},"featured_media":131610,"comment_status":"closed","ping_status":"closed","template":"","meta":{"neve_meta_sidebar":"","neve_meta_container":"","neve_meta_enable_content_width":"off","neve_meta_content_width":0,"neve_meta_title_alignment":"","neve_meta_author_avatar":"","neve_post_elements_order":"","neve_meta_disable_header":"","neve_meta_disable_footer":"","neve_meta_disable_title":""},"product_brand":[],"product_cat":[2832],"product_tag":[2880],"class_list":{"0":"post-98818","1":"product","2":"type-product","3":"status-publish","4":"has-post-thumbnail","6":"product_cat-instrumentos-musicais","7":"product_tag-escolar2023","9":"first","10":"instock","11":"sale","12":"taxable","13":"shipping-taxable","14":"purchasable","15":"product-type-simple"},"_links":{"self":[{"href":"https:\/\/ifoffice.pt\/index.php?rest_route=\/wp\/v2\/product\/98818","targetHints":{"allow":["GET"]}}],"collection":[{"href":"https:\/\/ifoffice.pt\/index.php?rest_route=\/wp\/v2\/product"}],"about":[{"href":"https:\/\/ifoffice.pt\/index.php?rest_route=\/wp\/v2\/types\/product"}],"replies":[{"embeddable":true,"href":"https:\/\/ifoffice.pt\/index.php?rest_route=%2Fwp%2Fv2%2Fcomments&post=98818"}],"wp:featuredmedia":[{"embeddable":true,"href":"https:\/\/ifoffice.pt\/index.php?rest_route=\/wp\/v2\/media\/131610"}],"wp:attachment":[{"href":"https:\/\/ifoffice.pt\/index.php?rest_route=%2Fwp%2Fv2%2Fmedia&parent=98818"}],"wp:term":[{"taxonomy":"product_brand","embeddable":true,"href":"https:\/\/ifoffice.pt\/index.php?rest_route=%2Fwp%2Fv2%2Fproduct_brand&post=98818"},{"taxonomy":"product_cat","embeddable":true,"href":"https:\/\/ifoffice.pt\/index.php?rest_route=%2Fwp%2Fv2%2Fproduct_cat&post=98818"},{"taxonomy":"product_tag","embeddable":true,"href":"https:\/\/ifoffice.pt\/index.php?rest_route=%2Fwp%2Fv2%2Fproduct_tag&post=98818"}],"curies":[{"name":"wp","href":"https:\/\/api.w.org\/{rel}","templated":true}]}}