{"id":98713,"date":"2021-01-22T23:35:11","date_gmt":"2021-01-22T23:35:11","guid":{"rendered":"https:\/\/ifoffice.pt\/produto\/import-placeholder-for-19973\/"},"modified":"2026-02-23T13:34:44","modified_gmt":"2026-02-23T13:34:44","slug":"apoio-de-pes-q-connect-plastico-ajustavel-310x450x90-mm","status":"publish","type":"product","link":"https:\/\/ifoffice.pt\/?product=apoio-de-pes-q-connect-plastico-ajustavel-310x450x90-mm","title":{"rendered":"Apoio de pes q-connect plastico ajustavel 310x450x90 mm"},"content":{"rendered":"<p>Apoio de p\u00e9s ergon\u00f3mico, regul\u00e1vel em altura e inclina\u00e7\u00e3o. Ideal para reduzir a tens\u00e3o na zona da coluna, pernas e pesco\u00e7o. Base antideslizante. Medidas: 310 x 350 mm.<\/p>\n","protected":false},"excerpt":{"rendered":"<p>Apoio de pes q-connect plastico ajustavel 310x450x90 mm<\/p>\n","protected":false},"featured_media":130654,"comment_status":"closed","ping_status":"closed","template":"","meta":{"neve_meta_sidebar":"","neve_meta_container":"","neve_meta_enable_content_width":"off","neve_meta_content_width":0,"neve_meta_title_alignment":"","neve_meta_author_avatar":"","neve_post_elements_order":"","neve_meta_disable_header":"","neve_meta_disable_footer":"","neve_meta_disable_title":""},"product_brand":[],"product_cat":[1808],"product_tag":[1190],"class_list":{"0":"post-98713","1":"product","2":"type-product","3":"status-publish","4":"has-post-thumbnail","6":"product_cat-ergonomia","7":"product_tag-apoio-de-pes","9":"first","10":"instock","11":"sale","12":"taxable","13":"shipping-taxable","14":"purchasable","15":"product-type-simple"},"_links":{"self":[{"href":"https:\/\/ifoffice.pt\/index.php?rest_route=\/wp\/v2\/product\/98713","targetHints":{"allow":["GET"]}}],"collection":[{"href":"https:\/\/ifoffice.pt\/index.php?rest_route=\/wp\/v2\/product"}],"about":[{"href":"https:\/\/ifoffice.pt\/index.php?rest_route=\/wp\/v2\/types\/product"}],"replies":[{"embeddable":true,"href":"https:\/\/ifoffice.pt\/index.php?rest_route=%2Fwp%2Fv2%2Fcomments&post=98713"}],"wp:featuredmedia":[{"embeddable":true,"href":"https:\/\/ifoffice.pt\/index.php?rest_route=\/wp\/v2\/media\/130654"}],"wp:attachment":[{"href":"https:\/\/ifoffice.pt\/index.php?rest_route=%2Fwp%2Fv2%2Fmedia&parent=98713"}],"wp:term":[{"taxonomy":"product_brand","embeddable":true,"href":"https:\/\/ifoffice.pt\/index.php?rest_route=%2Fwp%2Fv2%2Fproduct_brand&post=98713"},{"taxonomy":"product_cat","embeddable":true,"href":"https:\/\/ifoffice.pt\/index.php?rest_route=%2Fwp%2Fv2%2Fproduct_cat&post=98713"},{"taxonomy":"product_tag","embeddable":true,"href":"https:\/\/ifoffice.pt\/index.php?rest_route=%2Fwp%2Fv2%2Fproduct_tag&post=98713"}],"curies":[{"name":"wp","href":"https:\/\/api.w.org\/{rel}","templated":true}]}}