{"id":98541,"date":"2021-01-22T23:32:38","date_gmt":"2021-01-22T23:32:38","guid":{"rendered":"https:\/\/ifoffice.pt\/produto\/import-placeholder-for-20909\/"},"modified":"2026-02-23T13:34:28","modified_gmt":"2026-02-23T13:34:28","slug":"tabuleiro-q-connect-giratorio-metalico-cromado-de-3-tabuleiros","status":"publish","type":"product","link":"https:\/\/ifoffice.pt\/?product=tabuleiro-q-connect-giratorio-metalico-cromado-de-3-tabuleiros","title":{"rendered":"Tabuleiro q-connect giratorio metalico cromado, de 3 tabuleiros"},"content":{"rendered":"<p>Constitu\u00eddo por 2 ou 3 tabuleiros met\u00e1licos com suporte girat\u00f3rio cromado, gira 360 graus. Dimens\u00f5es dos tabuleiros individuais. Medidas: 370 x 275 x 90 mm.<\/p>\n","protected":false},"excerpt":{"rendered":"<p>Tabuleiro q-connect giratorio metalico cromado, de 3 tabuleiros<\/p>\n","protected":false},"featured_media":131283,"comment_status":"closed","ping_status":"closed","template":"","meta":{"neve_meta_sidebar":"","neve_meta_container":"","neve_meta_enable_content_width":"","neve_meta_content_width":0,"neve_meta_title_alignment":"","neve_meta_author_avatar":"","neve_post_elements_order":"","neve_meta_disable_header":"","neve_meta_disable_footer":"","neve_meta_disable_title":""},"product_brand":[],"product_cat":[1834],"product_tag":[1121],"class_list":{"0":"post-98541","1":"product","2":"type-product","3":"status-publish","4":"has-post-thumbnail","6":"product_cat-tabuleiros-de-secretaria","7":"product_tag-metal","9":"first","10":"instock","11":"sale","12":"taxable","13":"shipping-taxable","14":"purchasable","15":"product-type-simple"},"_links":{"self":[{"href":"https:\/\/ifoffice.pt\/index.php?rest_route=\/wp\/v2\/product\/98541","targetHints":{"allow":["GET"]}}],"collection":[{"href":"https:\/\/ifoffice.pt\/index.php?rest_route=\/wp\/v2\/product"}],"about":[{"href":"https:\/\/ifoffice.pt\/index.php?rest_route=\/wp\/v2\/types\/product"}],"replies":[{"embeddable":true,"href":"https:\/\/ifoffice.pt\/index.php?rest_route=%2Fwp%2Fv2%2Fcomments&post=98541"}],"wp:featuredmedia":[{"embeddable":true,"href":"https:\/\/ifoffice.pt\/index.php?rest_route=\/wp\/v2\/media\/131283"}],"wp:attachment":[{"href":"https:\/\/ifoffice.pt\/index.php?rest_route=%2Fwp%2Fv2%2Fmedia&parent=98541"}],"wp:term":[{"taxonomy":"product_brand","embeddable":true,"href":"https:\/\/ifoffice.pt\/index.php?rest_route=%2Fwp%2Fv2%2Fproduct_brand&post=98541"},{"taxonomy":"product_cat","embeddable":true,"href":"https:\/\/ifoffice.pt\/index.php?rest_route=%2Fwp%2Fv2%2Fproduct_cat&post=98541"},{"taxonomy":"product_tag","embeddable":true,"href":"https:\/\/ifoffice.pt\/index.php?rest_route=%2Fwp%2Fv2%2Fproduct_tag&post=98541"}],"curies":[{"name":"wp","href":"https:\/\/api.w.org\/{rel}","templated":true}]}}