{"id":98469,"date":"2021-01-22T23:32:07","date_gmt":"2021-01-22T23:32:07","guid":{"rendered":"https:\/\/ifoffice.pt\/produto\/import-placeholder-for-21328\/"},"modified":"2026-04-02T08:28:18","modified_gmt":"2026-04-02T08:28:18","slug":"porta-revistas-archivo-2000-de-plastico-com-identificacao-vermelho","status":"publish","type":"product","link":"https:\/\/ifoffice.pt\/?product=porta-revistas-archivo-2000-de-plastico-com-identificacao-vermelho","title":{"rendered":"Porta revistas archivo 2000 de plastico com identificacao, vermelho"},"content":{"rendered":"<p>Porta revistas que permite localizar e visualizar o conte\u00fado facilmente gra\u00e7as ao seu \u00f3culo. Ideal para arquivar cat\u00e1logos, revistas, etc. Com cart\u00e3o identificador na lombada, Medidas: 315 x 70 x 235 mm.<\/p>\n","protected":false},"excerpt":{"rendered":"<p>PACK DE 2 UNIDADES<\/p>\n","protected":false},"featured_media":129398,"comment_status":"closed","ping_status":"closed","template":"","meta":{"neve_meta_sidebar":"","neve_meta_container":"","neve_meta_enable_content_width":"off","neve_meta_content_width":0,"neve_meta_title_alignment":"","neve_meta_author_avatar":"","neve_post_elements_order":"","neve_meta_disable_header":"","neve_meta_disable_footer":"","neve_meta_disable_title":""},"product_brand":[],"product_cat":[1833],"product_tag":[946],"class_list":{"0":"post-98469","1":"product","2":"type-product","3":"status-publish","4":"has-post-thumbnail","6":"product_cat-caixas-de-arquivo","7":"product_tag-plastico","9":"first","10":"instock","11":"taxable","12":"shipping-taxable","13":"purchasable","14":"product-type-simple"},"_links":{"self":[{"href":"https:\/\/ifoffice.pt\/index.php?rest_route=\/wp\/v2\/product\/98469","targetHints":{"allow":["GET"]}}],"collection":[{"href":"https:\/\/ifoffice.pt\/index.php?rest_route=\/wp\/v2\/product"}],"about":[{"href":"https:\/\/ifoffice.pt\/index.php?rest_route=\/wp\/v2\/types\/product"}],"replies":[{"embeddable":true,"href":"https:\/\/ifoffice.pt\/index.php?rest_route=%2Fwp%2Fv2%2Fcomments&post=98469"}],"wp:featuredmedia":[{"embeddable":true,"href":"https:\/\/ifoffice.pt\/index.php?rest_route=\/wp\/v2\/media\/129398"}],"wp:attachment":[{"href":"https:\/\/ifoffice.pt\/index.php?rest_route=%2Fwp%2Fv2%2Fmedia&parent=98469"}],"wp:term":[{"taxonomy":"product_brand","embeddable":true,"href":"https:\/\/ifoffice.pt\/index.php?rest_route=%2Fwp%2Fv2%2Fproduct_brand&post=98469"},{"taxonomy":"product_cat","embeddable":true,"href":"https:\/\/ifoffice.pt\/index.php?rest_route=%2Fwp%2Fv2%2Fproduct_cat&post=98469"},{"taxonomy":"product_tag","embeddable":true,"href":"https:\/\/ifoffice.pt\/index.php?rest_route=%2Fwp%2Fv2%2Fproduct_tag&post=98469"}],"curies":[{"name":"wp","href":"https:\/\/api.w.org\/{rel}","templated":true}]}}