{"id":98443,"date":"2021-01-22T23:31:45","date_gmt":"2021-01-22T23:31:45","guid":{"rendered":"https:\/\/ifoffice.pt\/produto\/import-placeholder-for-21437\/"},"modified":"2026-02-23T13:34:20","modified_gmt":"2026-02-23T13:34:20","slug":"bolsa-dossier-esselte-plastico-com-ferragem-metalica-folio-preto","status":"publish","type":"product","link":"https:\/\/ifoffice.pt\/?product=bolsa-dossier-esselte-plastico-com-ferragem-metalica-folio-preto","title":{"rendered":"Bolsa dossier esselte plastico com ferragem metalica folio preto"},"content":{"rendered":"<p>Fabricada em pl\u00e1stico, com fastener met\u00e1lico, capa transparente. Janela com tira de papel na lombada para personalizar o seu trabalho. Formato f\u00f3lio.<\/p>\n","protected":false},"excerpt":{"rendered":"<p>Bolsa dossier esselte plastico com ferragem metalica folio preto<\/p>\n","protected":false},"featured_media":131413,"comment_status":"closed","ping_status":"closed","template":"","meta":{"neve_meta_sidebar":"","neve_meta_container":"","neve_meta_enable_content_width":"","neve_meta_content_width":0,"neve_meta_title_alignment":"","neve_meta_author_avatar":"","neve_post_elements_order":"","neve_meta_disable_header":"","neve_meta_disable_footer":"","neve_meta_disable_title":""},"product_brand":[],"product_cat":[1894],"product_tag":[2394],"class_list":{"0":"post-98443","1":"product","2":"type-product","3":"status-publish","4":"has-post-thumbnail","6":"product_cat-dossier","7":"product_tag-fastener","9":"first","10":"instock","11":"taxable","12":"shipping-taxable","13":"purchasable","14":"product-type-simple"},"_links":{"self":[{"href":"https:\/\/ifoffice.pt\/index.php?rest_route=\/wp\/v2\/product\/98443","targetHints":{"allow":["GET"]}}],"collection":[{"href":"https:\/\/ifoffice.pt\/index.php?rest_route=\/wp\/v2\/product"}],"about":[{"href":"https:\/\/ifoffice.pt\/index.php?rest_route=\/wp\/v2\/types\/product"}],"replies":[{"embeddable":true,"href":"https:\/\/ifoffice.pt\/index.php?rest_route=%2Fwp%2Fv2%2Fcomments&post=98443"}],"wp:featuredmedia":[{"embeddable":true,"href":"https:\/\/ifoffice.pt\/index.php?rest_route=\/wp\/v2\/media\/131413"}],"wp:attachment":[{"href":"https:\/\/ifoffice.pt\/index.php?rest_route=%2Fwp%2Fv2%2Fmedia&parent=98443"}],"wp:term":[{"taxonomy":"product_brand","embeddable":true,"href":"https:\/\/ifoffice.pt\/index.php?rest_route=%2Fwp%2Fv2%2Fproduct_brand&post=98443"},{"taxonomy":"product_cat","embeddable":true,"href":"https:\/\/ifoffice.pt\/index.php?rest_route=%2Fwp%2Fv2%2Fproduct_cat&post=98443"},{"taxonomy":"product_tag","embeddable":true,"href":"https:\/\/ifoffice.pt\/index.php?rest_route=%2Fwp%2Fv2%2Fproduct_tag&post=98443"}],"curies":[{"name":"wp","href":"https:\/\/api.w.org\/{rel}","templated":true}]}}