{"id":98442,"date":"2021-01-22T23:31:45","date_gmt":"2021-01-22T23:31:45","guid":{"rendered":"https:\/\/ifoffice.pt\/produto\/import-placeholder-for-21472\/"},"modified":"2025-03-12T12:04:40","modified_gmt":"2025-03-12T12:04:40","slug":"pasta-de-projetos-gio-com-lombada-extensivel-azul","status":"publish","type":"product","link":"https:\/\/ifoffice.pt\/?product=pasta-de-projetos-gio-com-lombada-extensivel-azul","title":{"rendered":"Pasta de projetos com lombada extens\u00edvel azul. Pack de 5 unidades"},"content":{"rendered":"<p>Pastas de projetos com el\u00e1sticos, fabricadas em cart\u00e3o compacto. Lombada extens\u00edvel at\u00e9 11 cm com 3 abas. For. mato folio. Medidas: 330 x 240 mm.<\/p>\n","protected":false},"excerpt":{"rendered":"<p>Pasta de projetos gio com lombada extensivel azul<\/p>\n","protected":false},"featured_media":98495,"comment_status":"closed","ping_status":"closed","template":"","meta":{"neve_meta_sidebar":"","neve_meta_container":"","neve_meta_enable_content_width":"off","neve_meta_content_width":0,"neve_meta_title_alignment":"","neve_meta_author_avatar":"","neve_post_elements_order":"","neve_meta_disable_header":"","neve_meta_disable_footer":"","neve_meta_disable_title":""},"product_brand":[],"product_cat":[1895],"product_tag":[1007],"class_list":{"0":"post-98442","1":"product","2":"type-product","3":"status-publish","4":"has-post-thumbnail","6":"product_cat-capas-de-projectos","7":"product_tag-folio-215-mm-x-315-mm","9":"first","10":"outofstock","11":"taxable","12":"shipping-taxable","13":"purchasable","14":"product-type-simple"},"_links":{"self":[{"href":"https:\/\/ifoffice.pt\/index.php?rest_route=\/wp\/v2\/product\/98442","targetHints":{"allow":["GET"]}}],"collection":[{"href":"https:\/\/ifoffice.pt\/index.php?rest_route=\/wp\/v2\/product"}],"about":[{"href":"https:\/\/ifoffice.pt\/index.php?rest_route=\/wp\/v2\/types\/product"}],"replies":[{"embeddable":true,"href":"https:\/\/ifoffice.pt\/index.php?rest_route=%2Fwp%2Fv2%2Fcomments&post=98442"}],"wp:featuredmedia":[{"embeddable":true,"href":"https:\/\/ifoffice.pt\/index.php?rest_route=\/wp\/v2\/media\/98495"}],"wp:attachment":[{"href":"https:\/\/ifoffice.pt\/index.php?rest_route=%2Fwp%2Fv2%2Fmedia&parent=98442"}],"wp:term":[{"taxonomy":"product_brand","embeddable":true,"href":"https:\/\/ifoffice.pt\/index.php?rest_route=%2Fwp%2Fv2%2Fproduct_brand&post=98442"},{"taxonomy":"product_cat","embeddable":true,"href":"https:\/\/ifoffice.pt\/index.php?rest_route=%2Fwp%2Fv2%2Fproduct_cat&post=98442"},{"taxonomy":"product_tag","embeddable":true,"href":"https:\/\/ifoffice.pt\/index.php?rest_route=%2Fwp%2Fv2%2Fproduct_tag&post=98442"}],"curies":[{"name":"wp","href":"https:\/\/api.w.org\/{rel}","templated":true}]}}