{"id":98429,"date":"2021-01-22T23:31:43","date_gmt":"2021-01-22T23:31:43","guid":{"rendered":"https:\/\/ifoffice.pt\/produto\/import-placeholder-for-21642\/"},"modified":"2026-02-23T13:34:19","modified_gmt":"2026-02-23T13:34:19","slug":"rolo-autoadesivo-aironfix-cor-prata-especial","status":"publish","type":"product","link":"https:\/\/ifoffice.pt\/?product=rolo-autoadesivo-aironfix-cor-prata-especial","title":{"rendered":"Rolo autoadesivo aironfix cor prata especial"},"content":{"rendered":"<p>Rolos de papel plastificado auto adesivo. Para forrar qualquer tipo de superf\u00edcies, especialmente madeira, metal, pl\u00e1stico, paredes, etc. Ampla gama de cores e de desenhos. Solu\u00e7\u00f5es praticamente ilimitadas. O\u00a0rolo.<\/p>\n","protected":false},"excerpt":{"rendered":"<p>Rolo autoadesivo aironfix cor prata especial<\/p>\n","protected":false},"featured_media":131937,"comment_status":"closed","ping_status":"closed","template":"","meta":{"neve_meta_sidebar":"","neve_meta_container":"","neve_meta_enable_content_width":"","neve_meta_content_width":0,"neve_meta_title_alignment":"","neve_meta_author_avatar":"","neve_post_elements_order":"","neve_meta_disable_header":"","neve_meta_disable_footer":"","neve_meta_disable_title":""},"product_brand":[],"product_cat":[1972],"product_tag":[2351],"class_list":{"0":"post-98429","1":"product","2":"type-product","3":"status-publish","4":"has-post-thumbnail","6":"product_cat-rolos-auto-adesivos","7":"product_tag-cores","9":"first","10":"instock","11":"taxable","12":"shipping-taxable","13":"purchasable","14":"product-type-simple"},"_links":{"self":[{"href":"https:\/\/ifoffice.pt\/index.php?rest_route=\/wp\/v2\/product\/98429","targetHints":{"allow":["GET"]}}],"collection":[{"href":"https:\/\/ifoffice.pt\/index.php?rest_route=\/wp\/v2\/product"}],"about":[{"href":"https:\/\/ifoffice.pt\/index.php?rest_route=\/wp\/v2\/types\/product"}],"replies":[{"embeddable":true,"href":"https:\/\/ifoffice.pt\/index.php?rest_route=%2Fwp%2Fv2%2Fcomments&post=98429"}],"wp:featuredmedia":[{"embeddable":true,"href":"https:\/\/ifoffice.pt\/index.php?rest_route=\/wp\/v2\/media\/131937"}],"wp:attachment":[{"href":"https:\/\/ifoffice.pt\/index.php?rest_route=%2Fwp%2Fv2%2Fmedia&parent=98429"}],"wp:term":[{"taxonomy":"product_brand","embeddable":true,"href":"https:\/\/ifoffice.pt\/index.php?rest_route=%2Fwp%2Fv2%2Fproduct_brand&post=98429"},{"taxonomy":"product_cat","embeddable":true,"href":"https:\/\/ifoffice.pt\/index.php?rest_route=%2Fwp%2Fv2%2Fproduct_cat&post=98429"},{"taxonomy":"product_tag","embeddable":true,"href":"https:\/\/ifoffice.pt\/index.php?rest_route=%2Fwp%2Fv2%2Fproduct_tag&post=98429"}],"curies":[{"name":"wp","href":"https:\/\/api.w.org\/{rel}","templated":true}]}}