{"id":98428,"date":"2021-01-22T23:31:42","date_gmt":"2021-01-22T23:31:42","guid":{"rendered":"https:\/\/ifoffice.pt\/produto\/import-placeholder-for-21655\/"},"modified":"2025-03-12T12:04:37","modified_gmt":"2025-03-12T12:04:37","slug":"fita-adesiva-tesa-print-31cm-x-10mt","status":"publish","type":"product","link":"https:\/\/ifoffice.pt\/?product=fita-adesiva-tesa-print-31cm-x-10mt","title":{"rendered":"Fita adesiva tesa print 31cm x 10mt"},"content":{"rendered":"<p>O alto poder adesivo permite uma fixa\u00e7\u00e3o resistente ao envelhecimento. Adesiva em ambas as faces. Ideal para colar fotografias em \u00e1lbuns, colar documentos impressos em livros. Medidas: 10 m x 310\u00a0mm. A\u00a0fita.<\/p>\n","protected":false},"excerpt":{"rendered":"<p>Fita adesiva tesa print 31cm x 10mt<\/p>\n","protected":false},"featured_media":125789,"comment_status":"closed","ping_status":"closed","template":"","meta":{"neve_meta_sidebar":"","neve_meta_container":"","neve_meta_enable_content_width":"","neve_meta_content_width":0,"neve_meta_title_alignment":"","neve_meta_author_avatar":"","neve_post_elements_order":"","neve_meta_disable_header":"","neve_meta_disable_footer":"","neve_meta_disable_title":""},"product_brand":[],"product_cat":[1800],"product_tag":[913],"class_list":{"0":"post-98428","1":"product","2":"type-product","3":"status-publish","4":"has-post-thumbnail","6":"product_cat-fitas-adesivas","7":"product_tag-dupla-face","9":"first","10":"outofstock","11":"taxable","12":"shipping-taxable","13":"purchasable","14":"product-type-simple"},"_links":{"self":[{"href":"https:\/\/ifoffice.pt\/index.php?rest_route=\/wp\/v2\/product\/98428","targetHints":{"allow":["GET"]}}],"collection":[{"href":"https:\/\/ifoffice.pt\/index.php?rest_route=\/wp\/v2\/product"}],"about":[{"href":"https:\/\/ifoffice.pt\/index.php?rest_route=\/wp\/v2\/types\/product"}],"replies":[{"embeddable":true,"href":"https:\/\/ifoffice.pt\/index.php?rest_route=%2Fwp%2Fv2%2Fcomments&post=98428"}],"wp:featuredmedia":[{"embeddable":true,"href":"https:\/\/ifoffice.pt\/index.php?rest_route=\/wp\/v2\/media\/125789"}],"wp:attachment":[{"href":"https:\/\/ifoffice.pt\/index.php?rest_route=%2Fwp%2Fv2%2Fmedia&parent=98428"}],"wp:term":[{"taxonomy":"product_brand","embeddable":true,"href":"https:\/\/ifoffice.pt\/index.php?rest_route=%2Fwp%2Fv2%2Fproduct_brand&post=98428"},{"taxonomy":"product_cat","embeddable":true,"href":"https:\/\/ifoffice.pt\/index.php?rest_route=%2Fwp%2Fv2%2Fproduct_cat&post=98428"},{"taxonomy":"product_tag","embeddable":true,"href":"https:\/\/ifoffice.pt\/index.php?rest_route=%2Fwp%2Fv2%2Fproduct_tag&post=98428"}],"curies":[{"name":"wp","href":"https:\/\/api.w.org\/{rel}","templated":true}]}}