{"id":98388,"date":"2021-01-22T23:31:18","date_gmt":"2021-01-22T23:31:18","guid":{"rendered":"https:\/\/ifoffice.pt\/produto\/import-placeholder-for-21850\/"},"modified":"2026-02-23T13:34:15","modified_gmt":"2026-02-23T13:34:15","slug":"bloco-de-taloes-6-4-azul","status":"publish","type":"product","link":"https:\/\/ifoffice.pt\/?product=bloco-de-taloes-6-4-azul","title":{"rendered":"Bloco de taloes 6\/4 azul"},"content":{"rendered":"<p>Capa de cart\u00e3o muito fino. Agrafado. Dispon\u00edvel em  v\u00e1rias cores. Com matriz, numerados, 100 folhas. 50 x  110 mm.<\/p>\n","protected":false},"excerpt":{"rendered":"<p>Bloco de taloes 6\/4 azul<\/p>\n","protected":false},"featured_media":130244,"comment_status":"closed","ping_status":"closed","template":"","meta":{"neve_meta_sidebar":"","neve_meta_container":"","neve_meta_enable_content_width":"","neve_meta_content_width":0,"neve_meta_title_alignment":"","neve_meta_author_avatar":"","neve_post_elements_order":"","neve_meta_disable_header":"","neve_meta_disable_footer":"","neve_meta_disable_title":""},"product_brand":[],"product_cat":[2508],"product_tag":[2546],"class_list":{"0":"post-98388","1":"product","2":"type-product","3":"status-publish","4":"has-post-thumbnail","6":"product_cat-blocos-impressos-de-empregado","7":"product_tag-50-x-110-mm","9":"first","10":"instock","11":"taxable","12":"shipping-taxable","13":"purchasable","14":"product-type-simple"},"_links":{"self":[{"href":"https:\/\/ifoffice.pt\/index.php?rest_route=\/wp\/v2\/product\/98388","targetHints":{"allow":["GET"]}}],"collection":[{"href":"https:\/\/ifoffice.pt\/index.php?rest_route=\/wp\/v2\/product"}],"about":[{"href":"https:\/\/ifoffice.pt\/index.php?rest_route=\/wp\/v2\/types\/product"}],"replies":[{"embeddable":true,"href":"https:\/\/ifoffice.pt\/index.php?rest_route=%2Fwp%2Fv2%2Fcomments&post=98388"}],"wp:featuredmedia":[{"embeddable":true,"href":"https:\/\/ifoffice.pt\/index.php?rest_route=\/wp\/v2\/media\/130244"}],"wp:attachment":[{"href":"https:\/\/ifoffice.pt\/index.php?rest_route=%2Fwp%2Fv2%2Fmedia&parent=98388"}],"wp:term":[{"taxonomy":"product_brand","embeddable":true,"href":"https:\/\/ifoffice.pt\/index.php?rest_route=%2Fwp%2Fv2%2Fproduct_brand&post=98388"},{"taxonomy":"product_cat","embeddable":true,"href":"https:\/\/ifoffice.pt\/index.php?rest_route=%2Fwp%2Fv2%2Fproduct_cat&post=98388"},{"taxonomy":"product_tag","embeddable":true,"href":"https:\/\/ifoffice.pt\/index.php?rest_route=%2Fwp%2Fv2%2Fproduct_tag&post=98388"}],"curies":[{"name":"wp","href":"https:\/\/api.w.org\/{rel}","templated":true}]}}