{"id":98190,"date":"2021-01-22T23:29:38","date_gmt":"2021-01-22T23:29:38","guid":{"rendered":"https:\/\/ifoffice.pt\/produto\/import-placeholder-for-22269\/"},"modified":"2026-02-23T13:33:56","modified_gmt":"2026-02-23T13:33:56","slug":"lapis-de-cera-manley-12-unidades-amarelo-claro","status":"publish","type":"product","link":"https:\/\/ifoffice.pt\/produto\/lapis-de-cera-manley-12-unidades-amarelo-claro\/","title":{"rendered":"Lapis de cera manley 12 unidades amarelo claro"},"content":{"rendered":"<p>Distinguem-se pela sua suavidade e resist\u00eancia \u00e0 luz. As cores misturam-se com facilidade  permitindo a sua utiliza\u00e7\u00e3o sobre todo tipo de superf\u00edcies porosas. Altura l\u00e1pis: 60 mm. Di\u00e2metro l\u00e1pis: 10 mm.<\/p>\n","protected":false},"excerpt":{"rendered":"<p>Lapis de cera manley 12 unidades amarelo claro<\/p>\n","protected":false},"featured_media":131686,"comment_status":"closed","ping_status":"closed","template":"","meta":{"neve_meta_sidebar":"","neve_meta_container":"","neve_meta_enable_content_width":"off","neve_meta_content_width":0,"neve_meta_title_alignment":"","neve_meta_author_avatar":"","neve_post_elements_order":"","neve_meta_disable_header":"","neve_meta_disable_footer":"","neve_meta_disable_title":""},"product_brand":[],"product_cat":[1774],"product_tag":[838],"class_list":{"0":"post-98190","1":"product","2":"type-product","3":"status-publish","4":"has-post-thumbnail","6":"product_cat-ceras","7":"product_tag-cera","9":"first","10":"instock","11":"taxable","12":"shipping-taxable","13":"purchasable","14":"product-type-simple"},"_links":{"self":[{"href":"https:\/\/ifoffice.pt\/wp-json\/wp\/v2\/product\/98190","targetHints":{"allow":["GET"]}}],"collection":[{"href":"https:\/\/ifoffice.pt\/wp-json\/wp\/v2\/product"}],"about":[{"href":"https:\/\/ifoffice.pt\/wp-json\/wp\/v2\/types\/product"}],"replies":[{"embeddable":true,"href":"https:\/\/ifoffice.pt\/wp-json\/wp\/v2\/comments?post=98190"}],"wp:featuredmedia":[{"embeddable":true,"href":"https:\/\/ifoffice.pt\/wp-json\/wp\/v2\/media\/131686"}],"wp:attachment":[{"href":"https:\/\/ifoffice.pt\/wp-json\/wp\/v2\/media?parent=98190"}],"wp:term":[{"taxonomy":"product_brand","embeddable":true,"href":"https:\/\/ifoffice.pt\/wp-json\/wp\/v2\/product_brand?post=98190"},{"taxonomy":"product_cat","embeddable":true,"href":"https:\/\/ifoffice.pt\/wp-json\/wp\/v2\/product_cat?post=98190"},{"taxonomy":"product_tag","embeddable":true,"href":"https:\/\/ifoffice.pt\/wp-json\/wp\/v2\/product_tag?post=98190"}],"curies":[{"name":"wp","href":"https:\/\/api.w.org\/{rel}","templated":true}]}}