{"id":98055,"date":"2021-01-22T23:28:23","date_gmt":"2021-01-22T23:28:23","guid":{"rendered":"https:\/\/ifoffice.pt\/produto\/import-placeholder-for-22866\/"},"modified":"2026-02-23T13:33:45","modified_gmt":"2026-02-23T13:33:45","slug":"rolo-autoadesivo-aironfix-cor-verde-medio","status":"publish","type":"product","link":"https:\/\/ifoffice.pt\/?product=rolo-autoadesivo-aironfix-cor-verde-medio","title":{"rendered":"Rolo autoadesivo aironfix cor verde medio"},"content":{"rendered":"<p>Rolos de papel plastificado auto adesivo. Para forrar qualquer tipo de superf\u00edcies, especialmente madeira, metal, pl\u00e1stico, paredes, etc. Ampla gama de cores e de desenhos. Solu\u00e7\u00f5es praticamente ilimitadas. O\u00a0rolo.<\/p>\n","protected":false},"excerpt":{"rendered":"<p>Rolo autoadesivo aironfix cor verde medio<\/p>\n","protected":false},"featured_media":131940,"comment_status":"closed","ping_status":"closed","template":"","meta":{"neve_meta_sidebar":"","neve_meta_container":"","neve_meta_enable_content_width":"","neve_meta_content_width":0,"neve_meta_title_alignment":"","neve_meta_author_avatar":"","neve_post_elements_order":"","neve_meta_disable_header":"","neve_meta_disable_footer":"","neve_meta_disable_title":""},"product_brand":[],"product_cat":[1972],"product_tag":[2351],"class_list":{"0":"post-98055","1":"product","2":"type-product","3":"status-publish","4":"has-post-thumbnail","6":"product_cat-rolos-auto-adesivos","7":"product_tag-cores","9":"first","10":"instock","11":"taxable","12":"shipping-taxable","13":"purchasable","14":"product-type-simple"},"_links":{"self":[{"href":"https:\/\/ifoffice.pt\/index.php?rest_route=\/wp\/v2\/product\/98055","targetHints":{"allow":["GET"]}}],"collection":[{"href":"https:\/\/ifoffice.pt\/index.php?rest_route=\/wp\/v2\/product"}],"about":[{"href":"https:\/\/ifoffice.pt\/index.php?rest_route=\/wp\/v2\/types\/product"}],"replies":[{"embeddable":true,"href":"https:\/\/ifoffice.pt\/index.php?rest_route=%2Fwp%2Fv2%2Fcomments&post=98055"}],"wp:featuredmedia":[{"embeddable":true,"href":"https:\/\/ifoffice.pt\/index.php?rest_route=\/wp\/v2\/media\/131940"}],"wp:attachment":[{"href":"https:\/\/ifoffice.pt\/index.php?rest_route=%2Fwp%2Fv2%2Fmedia&parent=98055"}],"wp:term":[{"taxonomy":"product_brand","embeddable":true,"href":"https:\/\/ifoffice.pt\/index.php?rest_route=%2Fwp%2Fv2%2Fproduct_brand&post=98055"},{"taxonomy":"product_cat","embeddable":true,"href":"https:\/\/ifoffice.pt\/index.php?rest_route=%2Fwp%2Fv2%2Fproduct_cat&post=98055"},{"taxonomy":"product_tag","embeddable":true,"href":"https:\/\/ifoffice.pt\/index.php?rest_route=%2Fwp%2Fv2%2Fproduct_tag&post=98055"}],"curies":[{"name":"wp","href":"https:\/\/api.w.org\/{rel}","templated":true}]}}