{"id":97952,"date":"2021-01-22T23:27:35","date_gmt":"2021-01-22T23:27:35","guid":{"rendered":"https:\/\/ifoffice.pt\/produto\/import-placeholder-for-23121\/"},"modified":"2026-02-23T13:33:39","modified_gmt":"2026-02-23T13:33:39","slug":"tinta-waterman-azul-floridacaixa8-cartuchos-largos-std","status":"publish","type":"product","link":"https:\/\/ifoffice.pt\/?product=tinta-waterman-azul-floridacaixa8-cartuchos-largos-std","title":{"rendered":"Tinta waterman azul floridacaixa8 cartuchos largos std."},"content":{"rendered":"<p>De f\u00e1cil inser\u00e7\u00e3o, com uma leve press\u00e3o. Caixa de 8 cartuchos standard compridos.<\/p>\n","protected":false},"excerpt":{"rendered":"<p>Tinta waterman azul floridacaixa8 cartuchos largos std.<\/p>\n","protected":false},"featured_media":132020,"comment_status":"closed","ping_status":"closed","template":"","meta":{"neve_meta_sidebar":"","neve_meta_container":"","neve_meta_enable_content_width":"","neve_meta_content_width":0,"neve_meta_title_alignment":"","neve_meta_author_avatar":"","neve_post_elements_order":"","neve_meta_disable_header":"","neve_meta_disable_footer":"","neve_meta_disable_title":""},"product_brand":[],"product_cat":[1752],"product_tag":[791],"class_list":{"0":"post-97952","1":"product","2":"type-product","3":"status-publish","4":"has-post-thumbnail","6":"product_cat-recargas-e-acessorios","7":"product_tag-recarga","9":"first","10":"instock","11":"taxable","12":"shipping-taxable","13":"purchasable","14":"product-type-simple"},"_links":{"self":[{"href":"https:\/\/ifoffice.pt\/index.php?rest_route=\/wp\/v2\/product\/97952","targetHints":{"allow":["GET"]}}],"collection":[{"href":"https:\/\/ifoffice.pt\/index.php?rest_route=\/wp\/v2\/product"}],"about":[{"href":"https:\/\/ifoffice.pt\/index.php?rest_route=\/wp\/v2\/types\/product"}],"replies":[{"embeddable":true,"href":"https:\/\/ifoffice.pt\/index.php?rest_route=%2Fwp%2Fv2%2Fcomments&post=97952"}],"wp:featuredmedia":[{"embeddable":true,"href":"https:\/\/ifoffice.pt\/index.php?rest_route=\/wp\/v2\/media\/132020"}],"wp:attachment":[{"href":"https:\/\/ifoffice.pt\/index.php?rest_route=%2Fwp%2Fv2%2Fmedia&parent=97952"}],"wp:term":[{"taxonomy":"product_brand","embeddable":true,"href":"https:\/\/ifoffice.pt\/index.php?rest_route=%2Fwp%2Fv2%2Fproduct_brand&post=97952"},{"taxonomy":"product_cat","embeddable":true,"href":"https:\/\/ifoffice.pt\/index.php?rest_route=%2Fwp%2Fv2%2Fproduct_cat&post=97952"},{"taxonomy":"product_tag","embeddable":true,"href":"https:\/\/ifoffice.pt\/index.php?rest_route=%2Fwp%2Fv2%2Fproduct_tag&post=97952"}],"curies":[{"name":"wp","href":"https:\/\/api.w.org\/{rel}","templated":true}]}}