{"id":97894,"date":"2021-01-22T23:27:09","date_gmt":"2021-01-22T23:27:09","guid":{"rendered":"https:\/\/ifoffice.pt\/produto\/import-placeholder-for-23366\/"},"modified":"2026-02-23T13:33:33","modified_gmt":"2026-02-23T13:33:33","slug":"base-de-secretaria-acolchoada-saro-preta-490x330mm","status":"publish","type":"product","link":"https:\/\/ifoffice.pt\/?product=base-de-secretaria-acolchoada-saro-preta-490x330mm","title":{"rendered":"Base de secretaria acolchoada saro-preta 490x330mm"},"content":{"rendered":"<p>Base de secret\u00e1ria almofadada e com departamentos internos. Fabricada em pl\u00e1stico, imita\u00e7\u00e3o de pele. Medidas: 490 x 330 mm. A\u00a0base.<\/p>\n","protected":false},"excerpt":{"rendered":"<p>Base de secretaria acolchoada saro-preta 490x330mm<\/p>\n","protected":false},"featured_media":131399,"comment_status":"closed","ping_status":"closed","template":"","meta":{"neve_meta_sidebar":"","neve_meta_container":"","neve_meta_enable_content_width":"off","neve_meta_content_width":0,"neve_meta_title_alignment":"","neve_meta_author_avatar":"","neve_post_elements_order":"","neve_meta_disable_header":"","neve_meta_disable_footer":"","neve_meta_disable_title":""},"product_brand":[],"product_cat":[1912],"product_tag":[946],"class_list":{"0":"post-97894","1":"product","2":"type-product","3":"status-publish","4":"has-post-thumbnail","6":"product_cat-conjuntos-de-secretaria","7":"product_tag-plastico","9":"first","10":"instock","11":"taxable","12":"shipping-taxable","13":"purchasable","14":"product-type-simple"},"_links":{"self":[{"href":"https:\/\/ifoffice.pt\/index.php?rest_route=\/wp\/v2\/product\/97894","targetHints":{"allow":["GET"]}}],"collection":[{"href":"https:\/\/ifoffice.pt\/index.php?rest_route=\/wp\/v2\/product"}],"about":[{"href":"https:\/\/ifoffice.pt\/index.php?rest_route=\/wp\/v2\/types\/product"}],"replies":[{"embeddable":true,"href":"https:\/\/ifoffice.pt\/index.php?rest_route=%2Fwp%2Fv2%2Fcomments&post=97894"}],"wp:featuredmedia":[{"embeddable":true,"href":"https:\/\/ifoffice.pt\/index.php?rest_route=\/wp\/v2\/media\/131399"}],"wp:attachment":[{"href":"https:\/\/ifoffice.pt\/index.php?rest_route=%2Fwp%2Fv2%2Fmedia&parent=97894"}],"wp:term":[{"taxonomy":"product_brand","embeddable":true,"href":"https:\/\/ifoffice.pt\/index.php?rest_route=%2Fwp%2Fv2%2Fproduct_brand&post=97894"},{"taxonomy":"product_cat","embeddable":true,"href":"https:\/\/ifoffice.pt\/index.php?rest_route=%2Fwp%2Fv2%2Fproduct_cat&post=97894"},{"taxonomy":"product_tag","embeddable":true,"href":"https:\/\/ifoffice.pt\/index.php?rest_route=%2Fwp%2Fv2%2Fproduct_tag&post=97894"}],"curies":[{"name":"wp","href":"https:\/\/api.w.org\/{rel}","templated":true}]}}