{"id":97846,"date":"2021-01-22T23:26:43","date_gmt":"2021-01-22T23:26:43","guid":{"rendered":"https:\/\/ifoffice.pt\/produto\/import-placeholder-for-23689\/"},"modified":"2025-03-12T12:03:17","modified_gmt":"2025-03-12T12:03:17","slug":"ponteiro-laser-metalico-preto","status":"publish","type":"product","link":"https:\/\/ifoffice.pt\/?product=ponteiro-laser-metalico-preto","title":{"rendered":"Ponteiro laser metalico preto"},"content":{"rendered":"<p>Para apontar detalhes espec\u00edficos onde seja necess\u00e1ria ajuda visual. \u00c9 adequado para qualquer superf\u00edcie opaca vis\u00edvel, at\u00e9 50 metros de dist\u00e2ncia. Produto laser classe 2, pot\u00eancia m\u00e1xima de radia\u00e7\u00e3o L3 MW. Longitude de onda: 630 mm &#8211; 68 mm. Acabamento met\u00e1lico em cor preto com clip. Alimenta\u00e7\u00e3o: 2 pilhas 1,5 W inclu\u00eddas. O ponteiro.<\/p>\n","protected":false},"excerpt":{"rendered":"<p>Ponteiro laser metalico preto<\/p>\n","protected":false},"featured_media":125527,"comment_status":"closed","ping_status":"closed","template":"","meta":{"neve_meta_sidebar":"","neve_meta_container":"","neve_meta_enable_content_width":"","neve_meta_content_width":0,"neve_meta_title_alignment":"","neve_meta_author_avatar":"","neve_post_elements_order":"","neve_meta_disable_header":"","neve_meta_disable_footer":"","neve_meta_disable_title":""},"product_brand":[],"product_cat":[1908],"product_tag":[1275],"class_list":{"0":"post-97846","1":"product","2":"type-product","3":"status-publish","4":"has-post-thumbnail","6":"product_cat-acessorios-para-quadros","7":"product_tag-ponteiro","9":"first","10":"outofstock","11":"sale","12":"taxable","13":"shipping-taxable","14":"purchasable","15":"product-type-simple"},"_links":{"self":[{"href":"https:\/\/ifoffice.pt\/index.php?rest_route=\/wp\/v2\/product\/97846","targetHints":{"allow":["GET"]}}],"collection":[{"href":"https:\/\/ifoffice.pt\/index.php?rest_route=\/wp\/v2\/product"}],"about":[{"href":"https:\/\/ifoffice.pt\/index.php?rest_route=\/wp\/v2\/types\/product"}],"replies":[{"embeddable":true,"href":"https:\/\/ifoffice.pt\/index.php?rest_route=%2Fwp%2Fv2%2Fcomments&post=97846"}],"wp:featuredmedia":[{"embeddable":true,"href":"https:\/\/ifoffice.pt\/index.php?rest_route=\/wp\/v2\/media\/125527"}],"wp:attachment":[{"href":"https:\/\/ifoffice.pt\/index.php?rest_route=%2Fwp%2Fv2%2Fmedia&parent=97846"}],"wp:term":[{"taxonomy":"product_brand","embeddable":true,"href":"https:\/\/ifoffice.pt\/index.php?rest_route=%2Fwp%2Fv2%2Fproduct_brand&post=97846"},{"taxonomy":"product_cat","embeddable":true,"href":"https:\/\/ifoffice.pt\/index.php?rest_route=%2Fwp%2Fv2%2Fproduct_cat&post=97846"},{"taxonomy":"product_tag","embeddable":true,"href":"https:\/\/ifoffice.pt\/index.php?rest_route=%2Fwp%2Fv2%2Fproduct_tag&post=97846"}],"curies":[{"name":"wp","href":"https:\/\/api.w.org\/{rel}","templated":true}]}}