{"id":97806,"date":"2021-01-22T23:26:18","date_gmt":"2021-01-22T23:26:18","guid":{"rendered":"https:\/\/ifoffice.pt\/produto\/import-placeholder-for-24045\/"},"modified":"2026-02-23T13:33:25","modified_gmt":"2026-02-23T13:33:25","slug":"pasta-de-elasticos-liderpapel-folio-verde","status":"publish","type":"product","link":"https:\/\/ifoffice.pt\/?product=pasta-de-elasticos-liderpapel-folio-verde","title":{"rendered":"Pasta de elasticos liderpapel folio verde"},"content":{"rendered":"<p>Pasta de el\u00e1sticos em cart\u00e3o. Fecho de el\u00e1sticos. Tr\u00eas abas. Formato f\u00f3lio.<\/p>\n","protected":false},"excerpt":{"rendered":"<p>Pasta de elasticos liderpapel folio verde<\/p>\n","protected":false},"featured_media":131011,"comment_status":"closed","ping_status":"closed","template":"","meta":{"neve_meta_sidebar":"","neve_meta_container":"","neve_meta_enable_content_width":"","neve_meta_content_width":0,"neve_meta_title_alignment":"","neve_meta_author_avatar":"","neve_post_elements_order":"","neve_meta_disable_header":"","neve_meta_disable_footer":"","neve_meta_disable_title":""},"product_brand":[],"product_cat":[1880],"product_tag":[1428],"class_list":{"0":"post-97806","1":"product","2":"type-product","3":"status-publish","4":"has-post-thumbnail","6":"product_cat-capas-de-elasticos","7":"product_tag-simples","9":"first","10":"outofstock","11":"taxable","12":"shipping-taxable","13":"purchasable","14":"product-type-simple"},"_links":{"self":[{"href":"https:\/\/ifoffice.pt\/index.php?rest_route=\/wp\/v2\/product\/97806","targetHints":{"allow":["GET"]}}],"collection":[{"href":"https:\/\/ifoffice.pt\/index.php?rest_route=\/wp\/v2\/product"}],"about":[{"href":"https:\/\/ifoffice.pt\/index.php?rest_route=\/wp\/v2\/types\/product"}],"replies":[{"embeddable":true,"href":"https:\/\/ifoffice.pt\/index.php?rest_route=%2Fwp%2Fv2%2Fcomments&post=97806"}],"wp:featuredmedia":[{"embeddable":true,"href":"https:\/\/ifoffice.pt\/index.php?rest_route=\/wp\/v2\/media\/131011"}],"wp:attachment":[{"href":"https:\/\/ifoffice.pt\/index.php?rest_route=%2Fwp%2Fv2%2Fmedia&parent=97806"}],"wp:term":[{"taxonomy":"product_brand","embeddable":true,"href":"https:\/\/ifoffice.pt\/index.php?rest_route=%2Fwp%2Fv2%2Fproduct_brand&post=97806"},{"taxonomy":"product_cat","embeddable":true,"href":"https:\/\/ifoffice.pt\/index.php?rest_route=%2Fwp%2Fv2%2Fproduct_cat&post=97806"},{"taxonomy":"product_tag","embeddable":true,"href":"https:\/\/ifoffice.pt\/index.php?rest_route=%2Fwp%2Fv2%2Fproduct_tag&post=97806"}],"curies":[{"name":"wp","href":"https:\/\/api.w.org\/{rel}","templated":true}]}}