{"id":97804,"date":"2021-01-22T23:26:18","date_gmt":"2021-01-22T23:26:18","guid":{"rendered":"https:\/\/ifoffice.pt\/produto\/import-placeholder-for-24082\/"},"modified":"2026-02-23T13:33:25","modified_gmt":"2026-02-23T13:33:25","slug":"pasta-classificadora-liderpapel-com-fole-paper-coat-preta-12-departamentos","status":"publish","type":"product","link":"https:\/\/ifoffice.pt\/?product=pasta-classificadora-liderpapel-com-fole-paper-coat-preta-12-departamentos","title":{"rendered":"Pasta classificadora liderpapel com fole paper coat preta 12 departamentos"},"content":{"rendered":"<p>Pasta classificadora com fole forrada a Paper Coat. Fecha com el\u00e1sticos. Cart\u00e3o de 1,75 mm de espessura. Forrada a papel de encaderna\u00e7\u00e3o, plastificado, gofrado tela em PVC. Tamanho f\u00f3lio prolongado, 12 departamentos.<\/p>\n","protected":false},"excerpt":{"rendered":"<p>Pasta classificadora liderpapel com fole paper coat preta 12 departamentos<\/p>\n","protected":false},"featured_media":130976,"comment_status":"closed","ping_status":"closed","template":"","meta":{"neve_meta_sidebar":"","neve_meta_container":"","neve_meta_enable_content_width":"","neve_meta_content_width":0,"neve_meta_title_alignment":"","neve_meta_author_avatar":"","neve_post_elements_order":"","neve_meta_disable_header":"","neve_meta_disable_footer":"","neve_meta_disable_title":""},"product_brand":[],"product_cat":[1905],"product_tag":[1364],"class_list":{"0":"post-97804","1":"product","2":"type-product","3":"status-publish","4":"has-post-thumbnail","6":"product_cat-pastas-classificadoras","7":"product_tag-classificadora-fole","9":"first","10":"instock","11":"taxable","12":"shipping-taxable","13":"purchasable","14":"product-type-simple"},"_links":{"self":[{"href":"https:\/\/ifoffice.pt\/index.php?rest_route=\/wp\/v2\/product\/97804","targetHints":{"allow":["GET"]}}],"collection":[{"href":"https:\/\/ifoffice.pt\/index.php?rest_route=\/wp\/v2\/product"}],"about":[{"href":"https:\/\/ifoffice.pt\/index.php?rest_route=\/wp\/v2\/types\/product"}],"replies":[{"embeddable":true,"href":"https:\/\/ifoffice.pt\/index.php?rest_route=%2Fwp%2Fv2%2Fcomments&post=97804"}],"wp:featuredmedia":[{"embeddable":true,"href":"https:\/\/ifoffice.pt\/index.php?rest_route=\/wp\/v2\/media\/130976"}],"wp:attachment":[{"href":"https:\/\/ifoffice.pt\/index.php?rest_route=%2Fwp%2Fv2%2Fmedia&parent=97804"}],"wp:term":[{"taxonomy":"product_brand","embeddable":true,"href":"https:\/\/ifoffice.pt\/index.php?rest_route=%2Fwp%2Fv2%2Fproduct_brand&post=97804"},{"taxonomy":"product_cat","embeddable":true,"href":"https:\/\/ifoffice.pt\/index.php?rest_route=%2Fwp%2Fv2%2Fproduct_cat&post=97804"},{"taxonomy":"product_tag","embeddable":true,"href":"https:\/\/ifoffice.pt\/index.php?rest_route=%2Fwp%2Fv2%2Fproduct_tag&post=97804"}],"curies":[{"name":"wp","href":"https:\/\/api.w.org\/{rel}","templated":true}]}}