{"id":97796,"date":"2021-01-22T23:26:17","date_gmt":"2021-01-22T23:26:17","guid":{"rendered":"https:\/\/ifoffice.pt\/produto\/import-placeholder-for-24222\/"},"modified":"2026-02-23T13:33:23","modified_gmt":"2026-02-23T13:33:23","slug":"porta-lapis-q-connect-redondo-metalico-de-rede-vermelha","status":"publish","type":"product","link":"https:\/\/ifoffice.pt\/?product=porta-lapis-q-connect-redondo-metalico-de-rede-vermelha","title":{"rendered":"Porta lapis q-connect redondo metalico de rede vermelha"},"content":{"rendered":"<p>Met\u00e1lico de rede. Redondo. N\u00e3o inclui acess\u00f3rios Medidas: 105 mm de altura x 86 mm de di\u00e2metro. O porta l\u00e1pis.<\/p>\n","protected":false},"excerpt":{"rendered":"<p>Porta lapis q-connect redondo metalico de rede vermelha<\/p>\n","protected":false},"featured_media":131241,"comment_status":"closed","ping_status":"closed","template":"","meta":{"neve_meta_sidebar":"","neve_meta_container":"","neve_meta_enable_content_width":"","neve_meta_content_width":0,"neve_meta_title_alignment":"","neve_meta_author_avatar":"","neve_post_elements_order":"","neve_meta_disable_header":"","neve_meta_disable_footer":"","neve_meta_disable_title":""},"product_brand":[],"product_cat":[1832],"product_tag":[2848],"class_list":{"0":"post-97796","1":"product","2":"type-product","3":"status-publish","4":"has-post-thumbnail","6":"product_cat-porta-lapis","7":"product_tag-porta-lapis-2","9":"first","10":"instock","11":"taxable","12":"shipping-taxable","13":"purchasable","14":"product-type-simple"},"_links":{"self":[{"href":"https:\/\/ifoffice.pt\/index.php?rest_route=\/wp\/v2\/product\/97796","targetHints":{"allow":["GET"]}}],"collection":[{"href":"https:\/\/ifoffice.pt\/index.php?rest_route=\/wp\/v2\/product"}],"about":[{"href":"https:\/\/ifoffice.pt\/index.php?rest_route=\/wp\/v2\/types\/product"}],"replies":[{"embeddable":true,"href":"https:\/\/ifoffice.pt\/index.php?rest_route=%2Fwp%2Fv2%2Fcomments&post=97796"}],"wp:featuredmedia":[{"embeddable":true,"href":"https:\/\/ifoffice.pt\/index.php?rest_route=\/wp\/v2\/media\/131241"}],"wp:attachment":[{"href":"https:\/\/ifoffice.pt\/index.php?rest_route=%2Fwp%2Fv2%2Fmedia&parent=97796"}],"wp:term":[{"taxonomy":"product_brand","embeddable":true,"href":"https:\/\/ifoffice.pt\/index.php?rest_route=%2Fwp%2Fv2%2Fproduct_brand&post=97796"},{"taxonomy":"product_cat","embeddable":true,"href":"https:\/\/ifoffice.pt\/index.php?rest_route=%2Fwp%2Fv2%2Fproduct_cat&post=97796"},{"taxonomy":"product_tag","embeddable":true,"href":"https:\/\/ifoffice.pt\/index.php?rest_route=%2Fwp%2Fv2%2Fproduct_tag&post=97796"}],"curies":[{"name":"wp","href":"https:\/\/api.w.org\/{rel}","templated":true}]}}