{"id":97660,"date":"2021-01-22T23:25:05","date_gmt":"2021-01-22T23:25:05","guid":{"rendered":"https:\/\/ifoffice.pt\/produto\/import-placeholder-for-24582\/"},"modified":"2026-02-23T13:33:06","modified_gmt":"2026-02-23T13:33:06","slug":"cartolina-liderpapel-180-gr-100-folhas-din-a4-creme","status":"publish","type":"product","link":"https:\/\/ifoffice.pt\/?product=cartolina-liderpapel-180-gr-100-folhas-din-a4-creme","title":{"rendered":"Cartolina liderpapel din a4 180 gr creme pack de 100 unidades"},"content":{"rendered":"<p>Embalagens de 100  folhas de 180 grs\/m\u00b2.  Pela sua completa gama  de cores s\u00e3o um  complemento ideal para  a utiliza\u00e7\u00e3o escolar.<\/p>\n","protected":false},"excerpt":{"rendered":"<p>Cartolina liderpapel din a4 180 gr creme pack de 100 unidades<\/p>\n","protected":false},"featured_media":130306,"comment_status":"closed","ping_status":"closed","template":"","meta":{"neve_meta_sidebar":"","neve_meta_container":"","neve_meta_enable_content_width":"off","neve_meta_content_width":0,"neve_meta_title_alignment":"","neve_meta_author_avatar":"","neve_post_elements_order":"","neve_meta_disable_header":"","neve_meta_disable_footer":"","neve_meta_disable_title":""},"product_brand":[],"product_cat":[1903],"product_tag":[1539],"class_list":{"0":"post-97660","1":"product","2":"type-product","3":"status-publish","4":"has-post-thumbnail","6":"product_cat-cartolinas","7":"product_tag-cartolina","9":"first","10":"instock","11":"taxable","12":"shipping-taxable","13":"purchasable","14":"product-type-simple"},"_links":{"self":[{"href":"https:\/\/ifoffice.pt\/index.php?rest_route=\/wp\/v2\/product\/97660","targetHints":{"allow":["GET"]}}],"collection":[{"href":"https:\/\/ifoffice.pt\/index.php?rest_route=\/wp\/v2\/product"}],"about":[{"href":"https:\/\/ifoffice.pt\/index.php?rest_route=\/wp\/v2\/types\/product"}],"replies":[{"embeddable":true,"href":"https:\/\/ifoffice.pt\/index.php?rest_route=%2Fwp%2Fv2%2Fcomments&post=97660"}],"wp:featuredmedia":[{"embeddable":true,"href":"https:\/\/ifoffice.pt\/index.php?rest_route=\/wp\/v2\/media\/130306"}],"wp:attachment":[{"href":"https:\/\/ifoffice.pt\/index.php?rest_route=%2Fwp%2Fv2%2Fmedia&parent=97660"}],"wp:term":[{"taxonomy":"product_brand","embeddable":true,"href":"https:\/\/ifoffice.pt\/index.php?rest_route=%2Fwp%2Fv2%2Fproduct_brand&post=97660"},{"taxonomy":"product_cat","embeddable":true,"href":"https:\/\/ifoffice.pt\/index.php?rest_route=%2Fwp%2Fv2%2Fproduct_cat&post=97660"},{"taxonomy":"product_tag","embeddable":true,"href":"https:\/\/ifoffice.pt\/index.php?rest_route=%2Fwp%2Fv2%2Fproduct_tag&post=97660"}],"curies":[{"name":"wp","href":"https:\/\/api.w.org\/{rel}","templated":true}]}}