{"id":97600,"date":"2021-01-22T23:24:37","date_gmt":"2021-01-22T23:24:37","guid":{"rendered":"https:\/\/ifoffice.pt\/produto\/import-placeholder-for-24978\/"},"modified":"2026-02-23T13:32:57","modified_gmt":"2026-02-23T13:32:57","slug":"mala-piloto-preta-fecho-com-combinacao-com-rodas","status":"publish","type":"product","link":"https:\/\/ifoffice.pt\/?product=mala-piloto-preta-fecho-com-combinacao-com-rodas","title":{"rendered":"Mala piloto preta fecho com combinacao com rodas"},"content":{"rendered":"<p>Mala tipo piloto com asa extens\u00edvel, rodas, fecho com combina\u00e7\u00e3o. Amplos compartimentos interiores, compartimento lateral com fechadura met\u00e1lica com chave e departamentos interiores. Cor preta com detalhes em prata. Medidas: 490 x 350 x 225 mm. A\u00a0mala.<\/p>\n","protected":false},"excerpt":{"rendered":"<p>Mala piloto preta fecho com combinacao com rodas<\/p>\n","protected":false},"featured_media":131224,"comment_status":"closed","ping_status":"closed","template":"","meta":{"neve_meta_sidebar":"","neve_meta_container":"","neve_meta_enable_content_width":"off","neve_meta_content_width":0,"neve_meta_title_alignment":"","neve_meta_author_avatar":"","neve_post_elements_order":"","neve_meta_disable_header":"","neve_meta_disable_footer":"","neve_meta_disable_title":""},"product_brand":[],"product_cat":[2538],"product_tag":[1179],"class_list":{"0":"post-97600","1":"product","2":"type-product","3":"status-publish","4":"has-post-thumbnail","6":"product_cat-malas","7":"product_tag-mala","9":"first","10":"instock","11":"taxable","12":"shipping-taxable","13":"purchasable","14":"product-type-simple"},"_links":{"self":[{"href":"https:\/\/ifoffice.pt\/index.php?rest_route=\/wp\/v2\/product\/97600","targetHints":{"allow":["GET"]}}],"collection":[{"href":"https:\/\/ifoffice.pt\/index.php?rest_route=\/wp\/v2\/product"}],"about":[{"href":"https:\/\/ifoffice.pt\/index.php?rest_route=\/wp\/v2\/types\/product"}],"replies":[{"embeddable":true,"href":"https:\/\/ifoffice.pt\/index.php?rest_route=%2Fwp%2Fv2%2Fcomments&post=97600"}],"wp:featuredmedia":[{"embeddable":true,"href":"https:\/\/ifoffice.pt\/index.php?rest_route=\/wp\/v2\/media\/131224"}],"wp:attachment":[{"href":"https:\/\/ifoffice.pt\/index.php?rest_route=%2Fwp%2Fv2%2Fmedia&parent=97600"}],"wp:term":[{"taxonomy":"product_brand","embeddable":true,"href":"https:\/\/ifoffice.pt\/index.php?rest_route=%2Fwp%2Fv2%2Fproduct_brand&post=97600"},{"taxonomy":"product_cat","embeddable":true,"href":"https:\/\/ifoffice.pt\/index.php?rest_route=%2Fwp%2Fv2%2Fproduct_cat&post=97600"},{"taxonomy":"product_tag","embeddable":true,"href":"https:\/\/ifoffice.pt\/index.php?rest_route=%2Fwp%2Fv2%2Fproduct_tag&post=97600"}],"curies":[{"name":"wp","href":"https:\/\/api.w.org\/{rel}","templated":true}]}}