{"id":97536,"date":"2021-01-22T23:21:06","date_gmt":"2021-01-22T23:21:06","guid":{"rendered":"https:\/\/ifoffice.pt\/produto\/import-placeholder-for-25201\/"},"modified":"2026-02-23T13:32:49","modified_gmt":"2026-02-23T13:32:49","slug":"cola-spray-adesiva-q-connect-pack-de-400-ml","status":"publish","type":"product","link":"https:\/\/ifoffice.pt\/?product=cola-spray-adesiva-q-connect-pack-de-400-ml","title":{"rendered":"Cola spray adesiva q-connect pack de 400 ml"},"content":{"rendered":"<p>Adesivo reposicion\u00e1vel transparente para uso profissional. N\u00e3o mancha e \u00e9 permanente. Para montagens de fotografias, mapas, desenhos e outros materiais impressos, porosos e n\u00e3o porosos. Pulveriza\u00e7\u00e3o controlada. 400 ml. O frasco.<\/p>\n","protected":false},"excerpt":{"rendered":"<p>Cola spray adesiva q-connect pack de 400 ml<\/p>\n","protected":false},"featured_media":130263,"comment_status":"closed","ping_status":"closed","template":"","meta":{"neve_meta_sidebar":"","neve_meta_container":"","neve_meta_enable_content_width":"","neve_meta_content_width":0,"neve_meta_title_alignment":"","neve_meta_author_avatar":"","neve_post_elements_order":"","neve_meta_disable_header":"","neve_meta_disable_footer":"","neve_meta_disable_title":""},"product_brand":[],"product_cat":[2211],"product_tag":[2365],"class_list":{"0":"post-97536","1":"product","2":"type-product","3":"status-publish","4":"has-post-thumbnail","6":"product_cat-cola-em-spray","7":"product_tag-removivel","9":"first","10":"instock","11":"taxable","12":"shipping-taxable","13":"purchasable","14":"product-type-simple"},"_links":{"self":[{"href":"https:\/\/ifoffice.pt\/index.php?rest_route=\/wp\/v2\/product\/97536","targetHints":{"allow":["GET"]}}],"collection":[{"href":"https:\/\/ifoffice.pt\/index.php?rest_route=\/wp\/v2\/product"}],"about":[{"href":"https:\/\/ifoffice.pt\/index.php?rest_route=\/wp\/v2\/types\/product"}],"replies":[{"embeddable":true,"href":"https:\/\/ifoffice.pt\/index.php?rest_route=%2Fwp%2Fv2%2Fcomments&post=97536"}],"wp:featuredmedia":[{"embeddable":true,"href":"https:\/\/ifoffice.pt\/index.php?rest_route=\/wp\/v2\/media\/130263"}],"wp:attachment":[{"href":"https:\/\/ifoffice.pt\/index.php?rest_route=%2Fwp%2Fv2%2Fmedia&parent=97536"}],"wp:term":[{"taxonomy":"product_brand","embeddable":true,"href":"https:\/\/ifoffice.pt\/index.php?rest_route=%2Fwp%2Fv2%2Fproduct_brand&post=97536"},{"taxonomy":"product_cat","embeddable":true,"href":"https:\/\/ifoffice.pt\/index.php?rest_route=%2Fwp%2Fv2%2Fproduct_cat&post=97536"},{"taxonomy":"product_tag","embeddable":true,"href":"https:\/\/ifoffice.pt\/index.php?rest_route=%2Fwp%2Fv2%2Fproduct_tag&post=97536"}],"curies":[{"name":"wp","href":"https:\/\/api.w.org\/{rel}","templated":true}]}}