{"id":97390,"date":"2021-01-22T23:19:50","date_gmt":"2021-01-22T23:19:50","guid":{"rendered":"https:\/\/ifoffice.pt\/produto\/import-placeholder-for-25518\/"},"modified":"2025-03-12T15:38:01","modified_gmt":"2025-03-12T15:38:01","slug":"furador-q-connect-preto-capacidade-35-folhas","status":"publish","type":"product","link":"https:\/\/ifoffice.pt\/?product=furador-q-connect-preto-capacidade-35-folhas","title":{"rendered":"Furador q-connect preto capacidade 35 folhas"},"content":{"rendered":"<p>Parte superior de pl\u00e1stico e base met\u00e1lica, com tampa inferior antideslizante de pl\u00e1stico. Capacidade para perfurar 35 folhas. Abertura de 3,5 mm. Disp\u00f5e de r\u00e9gua para alinhar o papel. Cor preta. Medidas da base: 150 x 115 mm. O furador.<\/p>\n","protected":false},"excerpt":{"rendered":"<p>Furador q-connect preto capacidade 35 folhas<\/p>\n","protected":false},"featured_media":130746,"comment_status":"closed","ping_status":"closed","template":"","meta":{"neve_meta_sidebar":"","neve_meta_container":"","neve_meta_enable_content_width":"","neve_meta_content_width":0,"neve_meta_title_alignment":"","neve_meta_author_avatar":"","neve_post_elements_order":"","neve_meta_disable_header":"","neve_meta_disable_footer":"","neve_meta_disable_title":""},"product_brand":[],"product_cat":[1810],"product_tag":[2847],"class_list":{"0":"post-97390","1":"product","2":"type-product","3":"status-publish","4":"has-post-thumbnail","6":"product_cat-furadores-de-secretaria","7":"product_tag-furadores-de-secretaria-2","9":"first","10":"instock","11":"sale","12":"taxable","13":"shipping-taxable","14":"purchasable","15":"product-type-simple"},"_links":{"self":[{"href":"https:\/\/ifoffice.pt\/index.php?rest_route=\/wp\/v2\/product\/97390","targetHints":{"allow":["GET"]}}],"collection":[{"href":"https:\/\/ifoffice.pt\/index.php?rest_route=\/wp\/v2\/product"}],"about":[{"href":"https:\/\/ifoffice.pt\/index.php?rest_route=\/wp\/v2\/types\/product"}],"replies":[{"embeddable":true,"href":"https:\/\/ifoffice.pt\/index.php?rest_route=%2Fwp%2Fv2%2Fcomments&post=97390"}],"wp:featuredmedia":[{"embeddable":true,"href":"https:\/\/ifoffice.pt\/index.php?rest_route=\/wp\/v2\/media\/130746"}],"wp:attachment":[{"href":"https:\/\/ifoffice.pt\/index.php?rest_route=%2Fwp%2Fv2%2Fmedia&parent=97390"}],"wp:term":[{"taxonomy":"product_brand","embeddable":true,"href":"https:\/\/ifoffice.pt\/index.php?rest_route=%2Fwp%2Fv2%2Fproduct_brand&post=97390"},{"taxonomy":"product_cat","embeddable":true,"href":"https:\/\/ifoffice.pt\/index.php?rest_route=%2Fwp%2Fv2%2Fproduct_cat&post=97390"},{"taxonomy":"product_tag","embeddable":true,"href":"https:\/\/ifoffice.pt\/index.php?rest_route=%2Fwp%2Fv2%2Fproduct_tag&post=97390"}],"curies":[{"name":"wp","href":"https:\/\/api.w.org\/{rel}","templated":true}]}}