{"id":97345,"date":"2021-01-22T23:19:27","date_gmt":"2021-01-22T23:19:27","guid":{"rendered":"https:\/\/ifoffice.pt\/produto\/import-placeholder-for-25598\/"},"modified":"2025-03-12T12:02:21","modified_gmt":"2025-03-12T12:02:21","slug":"pasta-canguru-liderpapel-din-a4-4-aneis-azul","status":"publish","type":"product","link":"https:\/\/ifoffice.pt\/?product=pasta-canguru-liderpapel-din-a4-4-aneis-azul","title":{"rendered":"Pasta canguru em polipropileno A4 4 an\u00e9is 25 mm"},"content":{"rendered":"<p>Pasta de an\u00e9is com bolsa personaliz\u00e1vel na parte frontal, na lombada e no interior. Permite total personaliza\u00e7\u00e3o e identifica\u00e7\u00e3o. 4 an\u00e9is de 25 mm. Formato Din A4. Medidas: 320 x 283 mm.<\/p>\n","protected":false},"excerpt":{"rendered":"<p>Pasta canguru liderpapel din a4 4 aneis azul<\/p>\n","protected":false},"featured_media":97375,"comment_status":"closed","ping_status":"closed","template":"","meta":{"neve_meta_sidebar":"","neve_meta_container":"","neve_meta_enable_content_width":"off","neve_meta_content_width":0,"neve_meta_title_alignment":"","neve_meta_author_avatar":"","neve_post_elements_order":"","neve_meta_disable_header":"","neve_meta_disable_footer":"","neve_meta_disable_title":""},"product_brand":[],"product_cat":[1876],"product_tag":[2169],"class_list":{"0":"post-97345","1":"product","2":"type-product","3":"status-publish","4":"has-post-thumbnail","6":"product_cat-pasta-aneis-em-prolipropileno","7":"product_tag-pastas-canguru","9":"first","10":"outofstock","11":"taxable","12":"shipping-taxable","13":"purchasable","14":"product-type-simple"},"_links":{"self":[{"href":"https:\/\/ifoffice.pt\/index.php?rest_route=\/wp\/v2\/product\/97345","targetHints":{"allow":["GET"]}}],"collection":[{"href":"https:\/\/ifoffice.pt\/index.php?rest_route=\/wp\/v2\/product"}],"about":[{"href":"https:\/\/ifoffice.pt\/index.php?rest_route=\/wp\/v2\/types\/product"}],"replies":[{"embeddable":true,"href":"https:\/\/ifoffice.pt\/index.php?rest_route=%2Fwp%2Fv2%2Fcomments&post=97345"}],"wp:featuredmedia":[{"embeddable":true,"href":"https:\/\/ifoffice.pt\/index.php?rest_route=\/wp\/v2\/media\/97375"}],"wp:attachment":[{"href":"https:\/\/ifoffice.pt\/index.php?rest_route=%2Fwp%2Fv2%2Fmedia&parent=97345"}],"wp:term":[{"taxonomy":"product_brand","embeddable":true,"href":"https:\/\/ifoffice.pt\/index.php?rest_route=%2Fwp%2Fv2%2Fproduct_brand&post=97345"},{"taxonomy":"product_cat","embeddable":true,"href":"https:\/\/ifoffice.pt\/index.php?rest_route=%2Fwp%2Fv2%2Fproduct_cat&post=97345"},{"taxonomy":"product_tag","embeddable":true,"href":"https:\/\/ifoffice.pt\/index.php?rest_route=%2Fwp%2Fv2%2Fproduct_tag&post=97345"}],"curies":[{"name":"wp","href":"https:\/\/api.w.org\/{rel}","templated":true}]}}