{"id":97257,"date":"2021-01-22T23:18:38","date_gmt":"2021-01-22T23:18:38","guid":{"rendered":"https:\/\/ifoffice.pt\/produto\/import-placeholder-for-25828\/"},"modified":"2026-02-23T13:32:23","modified_gmt":"2026-02-23T13:32:23","slug":"escantilhao-letras-e-numeros-30mm","status":"publish","type":"product","link":"https:\/\/ifoffice.pt\/?product=escantilhao-letras-e-numeros-30mm","title":{"rendered":"Escantilhao letras e numeros 30mm"},"content":{"rendered":"<p>Ideais para tra\u00e7ar letras e n\u00fameros com grande precis\u00e3o. Tamanho  da letra: 30 mm.<\/p>\n","protected":false},"excerpt":{"rendered":"<p>Escantilhao letras e numeros 30mm<\/p>\n","protected":false},"featured_media":130371,"comment_status":"closed","ping_status":"closed","template":"","meta":{"neve_meta_sidebar":"","neve_meta_container":"","neve_meta_enable_content_width":"off","neve_meta_content_width":0,"neve_meta_title_alignment":"","neve_meta_author_avatar":"","neve_post_elements_order":"","neve_meta_disable_header":"","neve_meta_disable_footer":"","neve_meta_disable_title":""},"product_brand":[],"product_cat":[2520],"product_tag":[2251],"class_list":{"0":"post-97257","1":"product","2":"type-product","3":"status-publish","4":"has-post-thumbnail","6":"product_cat-bases-de-feltro","7":"product_tag-escantilhao","9":"first","10":"instock","11":"taxable","12":"shipping-taxable","13":"purchasable","14":"product-type-simple"},"_links":{"self":[{"href":"https:\/\/ifoffice.pt\/index.php?rest_route=\/wp\/v2\/product\/97257","targetHints":{"allow":["GET"]}}],"collection":[{"href":"https:\/\/ifoffice.pt\/index.php?rest_route=\/wp\/v2\/product"}],"about":[{"href":"https:\/\/ifoffice.pt\/index.php?rest_route=\/wp\/v2\/types\/product"}],"replies":[{"embeddable":true,"href":"https:\/\/ifoffice.pt\/index.php?rest_route=%2Fwp%2Fv2%2Fcomments&post=97257"}],"wp:featuredmedia":[{"embeddable":true,"href":"https:\/\/ifoffice.pt\/index.php?rest_route=\/wp\/v2\/media\/130371"}],"wp:attachment":[{"href":"https:\/\/ifoffice.pt\/index.php?rest_route=%2Fwp%2Fv2%2Fmedia&parent=97257"}],"wp:term":[{"taxonomy":"product_brand","embeddable":true,"href":"https:\/\/ifoffice.pt\/index.php?rest_route=%2Fwp%2Fv2%2Fproduct_brand&post=97257"},{"taxonomy":"product_cat","embeddable":true,"href":"https:\/\/ifoffice.pt\/index.php?rest_route=%2Fwp%2Fv2%2Fproduct_cat&post=97257"},{"taxonomy":"product_tag","embeddable":true,"href":"https:\/\/ifoffice.pt\/index.php?rest_route=%2Fwp%2Fv2%2Fproduct_tag&post=97257"}],"curies":[{"name":"wp","href":"https:\/\/api.w.org\/{rel}","templated":true}]}}