{"id":97201,"date":"2021-01-22T23:18:12","date_gmt":"2021-01-22T23:18:12","guid":{"rendered":"https:\/\/ifoffice.pt\/produto\/import-placeholder-for-25973\/"},"modified":"2025-03-12T12:02:04","modified_gmt":"2025-03-12T12:02:04","slug":"calculadora-citizen-cientifica-sr-260-128-funcoes-102-digitos","status":"publish","type":"product","link":"https:\/\/ifoffice.pt\/?product=calculadora-citizen-cientifica-sr-260-128-funcoes-102-digitos","title":{"rendered":"Calculadora citizen cientifica sr-260 128 fun\u00e7\u00f5es 10+2 d\u00edgitos"},"content":{"rendered":"<p>165 fun\u00e7\u00f5es. Funcionamento: 2 pilhas. Visor: 10+2 d\u00edgitos. Capa r\u00edgida. Fun\u00e7\u00f5es matem\u00e1ticas: + &#8211; x \u00f7, trigonom\u00e9tricas, hiperb\u00f3licas, polares retangulares, ra\u00edzes quadradas e c\u00fabicas, opera\u00e7\u00f5es rec\u00edprocas, logar\u00edtmicas, exponenciais e 15 n\u00edveis de opera\u00e7\u00f5es. Fun\u00e7\u00f5es estat\u00edsticas. Mem\u00f3ria protegida power off. Convers\u00f5es m\u00fatuas e c\u00e1lculos de n\u00fameros bin\u00e1rios, decimais, hexadecimais. Convers\u00e3o e c\u00e1lculo em deg, rad, grad. Tecla sele\u00e7\u00e3o decimal. 6 convers\u00f5es m\u00e9tricas. Fun\u00e7\u00e3o shift. Medidas: 154 x 80 x 14 mm. Peso: 92 g.<\/p>\n","protected":false},"excerpt":{"rendered":"<p>Calculadora citizen cientifica sr-260 128 funcoes 10+2 digitos<\/p>\n","protected":false},"featured_media":97231,"comment_status":"closed","ping_status":"closed","template":"","meta":{"neve_meta_sidebar":"","neve_meta_container":"","neve_meta_enable_content_width":"off","neve_meta_content_width":0,"neve_meta_title_alignment":"","neve_meta_author_avatar":"","neve_post_elements_order":"","neve_meta_disable_header":"","neve_meta_disable_footer":"","neve_meta_disable_title":""},"product_brand":[],"product_cat":[1802],"product_tag":[922],"class_list":{"0":"post-97201","1":"product","2":"type-product","3":"status-publish","4":"has-post-thumbnail","6":"product_cat-calculadoras-cientificas","7":"product_tag-cientifica","9":"first","10":"outofstock","11":"taxable","12":"shipping-taxable","13":"purchasable","14":"product-type-simple"},"_links":{"self":[{"href":"https:\/\/ifoffice.pt\/index.php?rest_route=\/wp\/v2\/product\/97201","targetHints":{"allow":["GET"]}}],"collection":[{"href":"https:\/\/ifoffice.pt\/index.php?rest_route=\/wp\/v2\/product"}],"about":[{"href":"https:\/\/ifoffice.pt\/index.php?rest_route=\/wp\/v2\/types\/product"}],"replies":[{"embeddable":true,"href":"https:\/\/ifoffice.pt\/index.php?rest_route=%2Fwp%2Fv2%2Fcomments&post=97201"}],"wp:featuredmedia":[{"embeddable":true,"href":"https:\/\/ifoffice.pt\/index.php?rest_route=\/wp\/v2\/media\/97231"}],"wp:attachment":[{"href":"https:\/\/ifoffice.pt\/index.php?rest_route=%2Fwp%2Fv2%2Fmedia&parent=97201"}],"wp:term":[{"taxonomy":"product_brand","embeddable":true,"href":"https:\/\/ifoffice.pt\/index.php?rest_route=%2Fwp%2Fv2%2Fproduct_brand&post=97201"},{"taxonomy":"product_cat","embeddable":true,"href":"https:\/\/ifoffice.pt\/index.php?rest_route=%2Fwp%2Fv2%2Fproduct_cat&post=97201"},{"taxonomy":"product_tag","embeddable":true,"href":"https:\/\/ifoffice.pt\/index.php?rest_route=%2Fwp%2Fv2%2Fproduct_tag&post=97201"}],"curies":[{"name":"wp","href":"https:\/\/api.w.org\/{rel}","templated":true}]}}