{"id":97200,"date":"2021-01-22T23:18:12","date_gmt":"2021-01-22T23:18:12","guid":{"rendered":"https:\/\/ifoffice.pt\/produto\/import-placeholder-for-25974\/"},"modified":"2025-03-12T12:02:04","modified_gmt":"2025-03-12T12:02:04","slug":"calculadora-citizen-cientifica-sr-270-ii-236-funcoes-102-digitos","status":"publish","type":"product","link":"https:\/\/ifoffice.pt\/?product=calculadora-citizen-cientifica-sr-270-ii-236-funcoes-102-digitos","title":{"rendered":"Calculadora citizen cientifica sr-270 ii 236 fun\u00e7\u00f5es 10+2 d\u00edgitos"},"content":{"rendered":"<p>236 fun\u00e7\u00f5es. Funcionamento: 2 pilhas. Visor: 10+2 d\u00edgitos. Capa r\u00edgida. Menu tipo sele\u00e7\u00e3o de fun\u00e7\u00e3o. Fun\u00e7\u00f5es matem\u00e1ticas: trigonom\u00e9tricas, hiperb\u00f3licas, ra\u00edzes quadradas, opera\u00e7\u00f5es rec\u00edprocas, opera\u00e7\u00f5es factoriais, logar\u00edtmicas, exponenciais. 9 mem\u00f3rias independentes. 15 n\u00edveis de opera\u00e7\u00f5es. Modo de regress\u00e3o: lineares, logar\u00edtmicas, exponenciais, regress\u00f5es inversas e quadr\u00e1ticas. Mem\u00f3ria protegida de power off. Tecla random. Convers\u00e3o em graus, minutos e segundos. Fun\u00e7\u00f5es fracion\u00e1veis. Tecla de sele\u00e7\u00e3o decimal. Tecla del, ins, enter, reset, rnd e . Medidas: 154 x 84 x 14 mm. Peso: 92 g.<\/p>\n","protected":false},"excerpt":{"rendered":"<p>Calculadora citizen cientifica sr-270 ii 236 funcoes 10+2 digitos<\/p>\n","protected":false},"featured_media":97230,"comment_status":"closed","ping_status":"closed","template":"","meta":{"neve_meta_sidebar":"","neve_meta_container":"","neve_meta_enable_content_width":"off","neve_meta_content_width":0,"neve_meta_title_alignment":"","neve_meta_author_avatar":"","neve_post_elements_order":"","neve_meta_disable_header":"","neve_meta_disable_footer":"","neve_meta_disable_title":""},"product_brand":[],"product_cat":[1802],"product_tag":[922],"class_list":{"0":"post-97200","1":"product","2":"type-product","3":"status-publish","4":"has-post-thumbnail","6":"product_cat-calculadoras-cientificas","7":"product_tag-cientifica","9":"first","10":"outofstock","11":"taxable","12":"shipping-taxable","13":"purchasable","14":"product-type-simple"},"_links":{"self":[{"href":"https:\/\/ifoffice.pt\/index.php?rest_route=\/wp\/v2\/product\/97200","targetHints":{"allow":["GET"]}}],"collection":[{"href":"https:\/\/ifoffice.pt\/index.php?rest_route=\/wp\/v2\/product"}],"about":[{"href":"https:\/\/ifoffice.pt\/index.php?rest_route=\/wp\/v2\/types\/product"}],"replies":[{"embeddable":true,"href":"https:\/\/ifoffice.pt\/index.php?rest_route=%2Fwp%2Fv2%2Fcomments&post=97200"}],"wp:featuredmedia":[{"embeddable":true,"href":"https:\/\/ifoffice.pt\/index.php?rest_route=\/wp\/v2\/media\/97230"}],"wp:attachment":[{"href":"https:\/\/ifoffice.pt\/index.php?rest_route=%2Fwp%2Fv2%2Fmedia&parent=97200"}],"wp:term":[{"taxonomy":"product_brand","embeddable":true,"href":"https:\/\/ifoffice.pt\/index.php?rest_route=%2Fwp%2Fv2%2Fproduct_brand&post=97200"},{"taxonomy":"product_cat","embeddable":true,"href":"https:\/\/ifoffice.pt\/index.php?rest_route=%2Fwp%2Fv2%2Fproduct_cat&post=97200"},{"taxonomy":"product_tag","embeddable":true,"href":"https:\/\/ifoffice.pt\/index.php?rest_route=%2Fwp%2Fv2%2Fproduct_tag&post=97200"}],"curies":[{"name":"wp","href":"https:\/\/api.w.org\/{rel}","templated":true}]}}