{"id":97154,"date":"2021-01-22T23:17:47","date_gmt":"2021-01-22T23:17:47","guid":{"rendered":"https:\/\/ifoffice.pt\/produto\/import-placeholder-for-26152\/"},"modified":"2025-05-16T08:20:05","modified_gmt":"2025-05-16T08:20:05","slug":"porta-notas-q-connect-com-mola-miniclip-din-a4-azul","status":"publish","type":"product","link":"https:\/\/ifoffice.pt\/?product=porta-notas-q-connect-com-mola-miniclip-din-a4-azul","title":{"rendered":"Porta notas q-connect com mola miniclip din a4 azul"},"content":{"rendered":"<p>Porta notas de pl\u00e1stico, com capa e bolsa transparente no seu interior e presilha para esferogr\u00e1fica. Com mola de grande resist\u00eancia para um perfeito suporte do papel. Formato Din A4.<\/p>\n","protected":false},"excerpt":{"rendered":"<p>Porta notas q-connect com mola miniclip din a4 azul<\/p>\n","protected":false},"featured_media":130482,"comment_status":"closed","ping_status":"closed","template":"","meta":{"neve_meta_sidebar":"","neve_meta_container":"","neve_meta_enable_content_width":"off","neve_meta_content_width":100,"neve_meta_title_alignment":"","neve_meta_author_avatar":"","neve_post_elements_order":"","neve_meta_disable_header":"","neve_meta_disable_footer":"","neve_meta_disable_title":""},"product_brand":[],"product_cat":[1784],"product_tag":[946],"class_list":{"0":"post-97154","1":"product","2":"type-product","3":"status-publish","4":"has-post-thumbnail","6":"product_cat-capas-classificadoras","7":"product_tag-plastico","9":"first","10":"outofstock","11":"taxable","12":"shipping-taxable","13":"purchasable","14":"product-type-variable"},"_links":{"self":[{"href":"https:\/\/ifoffice.pt\/index.php?rest_route=\/wp\/v2\/product\/97154","targetHints":{"allow":["GET"]}}],"collection":[{"href":"https:\/\/ifoffice.pt\/index.php?rest_route=\/wp\/v2\/product"}],"about":[{"href":"https:\/\/ifoffice.pt\/index.php?rest_route=\/wp\/v2\/types\/product"}],"replies":[{"embeddable":true,"href":"https:\/\/ifoffice.pt\/index.php?rest_route=%2Fwp%2Fv2%2Fcomments&post=97154"}],"wp:featuredmedia":[{"embeddable":true,"href":"https:\/\/ifoffice.pt\/index.php?rest_route=\/wp\/v2\/media\/130482"}],"wp:attachment":[{"href":"https:\/\/ifoffice.pt\/index.php?rest_route=%2Fwp%2Fv2%2Fmedia&parent=97154"}],"wp:term":[{"taxonomy":"product_brand","embeddable":true,"href":"https:\/\/ifoffice.pt\/index.php?rest_route=%2Fwp%2Fv2%2Fproduct_brand&post=97154"},{"taxonomy":"product_cat","embeddable":true,"href":"https:\/\/ifoffice.pt\/index.php?rest_route=%2Fwp%2Fv2%2Fproduct_cat&post=97154"},{"taxonomy":"product_tag","embeddable":true,"href":"https:\/\/ifoffice.pt\/index.php?rest_route=%2Fwp%2Fv2%2Fproduct_tag&post=97154"}],"curies":[{"name":"wp","href":"https:\/\/api.w.org\/{rel}","templated":true}]}}