{"id":97111,"date":"2021-01-22T23:17:23","date_gmt":"2021-01-22T23:17:23","guid":{"rendered":"https:\/\/ifoffice.pt\/produto\/import-placeholder-for-26422\/"},"modified":"2026-02-23T13:32:07","modified_gmt":"2026-02-23T13:32:07","slug":"pasta-classificadora-liderpapel-com-12-departamentos-laranja","status":"publish","type":"product","link":"https:\/\/ifoffice.pt\/?product=pasta-classificadora-liderpapel-com-12-departamentos-laranja","title":{"rendered":"Pasta classificadora liderpapel com 12 departamentos laranja"},"content":{"rendered":"<p>Fecho de el\u00e1sticos. F\u00f3lio prolongado com abas. 12 departamentos. Cores frosty. Cart\u00e3o colado de 1,75 mm de espessura, forrado com papel de encaderna\u00e7\u00e3o, plastificado em PVC com contra capa impressa.<\/p>\n","protected":false},"excerpt":{"rendered":"<p>Pasta classificadora liderpapel com 12 departamentos laranja<\/p>\n","protected":false},"featured_media":130972,"comment_status":"closed","ping_status":"closed","template":"","meta":{"neve_meta_sidebar":"","neve_meta_container":"","neve_meta_enable_content_width":"","neve_meta_content_width":0,"neve_meta_title_alignment":"","neve_meta_author_avatar":"","neve_post_elements_order":"","neve_meta_disable_header":"","neve_meta_disable_footer":"","neve_meta_disable_title":""},"product_brand":[],"product_cat":[1905],"product_tag":[2244],"class_list":{"0":"post-97111","1":"product","2":"type-product","3":"status-publish","4":"has-post-thumbnail","6":"product_cat-pastas-classificadoras","7":"product_tag-classificadora","9":"first","10":"instock","11":"taxable","12":"shipping-taxable","13":"purchasable","14":"product-type-simple"},"_links":{"self":[{"href":"https:\/\/ifoffice.pt\/index.php?rest_route=\/wp\/v2\/product\/97111","targetHints":{"allow":["GET"]}}],"collection":[{"href":"https:\/\/ifoffice.pt\/index.php?rest_route=\/wp\/v2\/product"}],"about":[{"href":"https:\/\/ifoffice.pt\/index.php?rest_route=\/wp\/v2\/types\/product"}],"replies":[{"embeddable":true,"href":"https:\/\/ifoffice.pt\/index.php?rest_route=%2Fwp%2Fv2%2Fcomments&post=97111"}],"wp:featuredmedia":[{"embeddable":true,"href":"https:\/\/ifoffice.pt\/index.php?rest_route=\/wp\/v2\/media\/130972"}],"wp:attachment":[{"href":"https:\/\/ifoffice.pt\/index.php?rest_route=%2Fwp%2Fv2%2Fmedia&parent=97111"}],"wp:term":[{"taxonomy":"product_brand","embeddable":true,"href":"https:\/\/ifoffice.pt\/index.php?rest_route=%2Fwp%2Fv2%2Fproduct_brand&post=97111"},{"taxonomy":"product_cat","embeddable":true,"href":"https:\/\/ifoffice.pt\/index.php?rest_route=%2Fwp%2Fv2%2Fproduct_cat&post=97111"},{"taxonomy":"product_tag","embeddable":true,"href":"https:\/\/ifoffice.pt\/index.php?rest_route=%2Fwp%2Fv2%2Fproduct_tag&post=97111"}],"curies":[{"name":"wp","href":"https:\/\/api.w.org\/{rel}","templated":true}]}}