{"id":97110,"date":"2021-01-22T23:17:22","date_gmt":"2021-01-22T23:17:22","guid":{"rendered":"https:\/\/ifoffice.pt\/produto\/import-placeholder-for-26423\/"},"modified":"2026-02-23T13:32:07","modified_gmt":"2026-02-23T13:32:07","slug":"pasta-classificadora-liderpapel-com-12-departamentos-verde","status":"publish","type":"product","link":"https:\/\/ifoffice.pt\/produto\/pasta-classificadora-liderpapel-com-12-departamentos-verde\/","title":{"rendered":"Pasta classificadora liderpapel com 12 departamentos verde"},"content":{"rendered":"<p>Fecho de el\u00e1sticos. F\u00f3lio prolongado com abas. 12 departamentos. Cores frosty. Cart\u00e3o colado de 1,75 mm de espessura, forrado com papel de encaderna\u00e7\u00e3o, plastificado em PVC com contra capa impressa.<\/p>\n","protected":false},"excerpt":{"rendered":"<p>Pasta classificadora liderpapel com 12 departamentos verde<\/p>\n","protected":false},"featured_media":130974,"comment_status":"closed","ping_status":"closed","template":"","meta":{"neve_meta_sidebar":"","neve_meta_container":"","neve_meta_enable_content_width":"","neve_meta_content_width":0,"neve_meta_title_alignment":"","neve_meta_author_avatar":"","neve_post_elements_order":"","neve_meta_disable_header":"","neve_meta_disable_footer":"","neve_meta_disable_title":""},"product_brand":[],"product_cat":[1905],"product_tag":[2244],"class_list":{"0":"post-97110","1":"product","2":"type-product","3":"status-publish","4":"has-post-thumbnail","6":"product_cat-pastas-classificadoras","7":"product_tag-classificadora","9":"first","10":"instock","11":"taxable","12":"shipping-taxable","13":"purchasable","14":"product-type-simple"},"_links":{"self":[{"href":"https:\/\/ifoffice.pt\/wp-json\/wp\/v2\/product\/97110","targetHints":{"allow":["GET"]}}],"collection":[{"href":"https:\/\/ifoffice.pt\/wp-json\/wp\/v2\/product"}],"about":[{"href":"https:\/\/ifoffice.pt\/wp-json\/wp\/v2\/types\/product"}],"replies":[{"embeddable":true,"href":"https:\/\/ifoffice.pt\/wp-json\/wp\/v2\/comments?post=97110"}],"wp:featuredmedia":[{"embeddable":true,"href":"https:\/\/ifoffice.pt\/wp-json\/wp\/v2\/media\/130974"}],"wp:attachment":[{"href":"https:\/\/ifoffice.pt\/wp-json\/wp\/v2\/media?parent=97110"}],"wp:term":[{"taxonomy":"product_brand","embeddable":true,"href":"https:\/\/ifoffice.pt\/wp-json\/wp\/v2\/product_brand?post=97110"},{"taxonomy":"product_cat","embeddable":true,"href":"https:\/\/ifoffice.pt\/wp-json\/wp\/v2\/product_cat?post=97110"},{"taxonomy":"product_tag","embeddable":true,"href":"https:\/\/ifoffice.pt\/wp-json\/wp\/v2\/product_tag?post=97110"}],"curies":[{"name":"wp","href":"https:\/\/api.w.org\/{rel}","templated":true}]}}