{"id":97100,"date":"2021-01-22T23:17:21","date_gmt":"2021-01-22T23:17:21","guid":{"rendered":"https:\/\/ifoffice.pt\/produto\/import-placeholder-for-26448\/"},"modified":"2026-02-23T13:32:05","modified_gmt":"2026-02-23T13:32:05","slug":"apagador-q-connect-para-limpeza-de-quadros-brancos-magnetico","status":"publish","type":"product","link":"https:\/\/ifoffice.pt\/?product=apagador-q-connect-para-limpeza-de-quadros-brancos-magnetico","title":{"rendered":"Apagador q-connect para limpeza de quadros brancos magnetico"},"content":{"rendered":"<p>Apagador a seco para quadros lav\u00e1veis. Cont\u00e9m uma tira lateral magn\u00e9tica, para fixa\u00e7\u00e3o ao quadro. Medidas: 12,5 x 5 cm. O apagador.<\/p>\n","protected":false},"excerpt":{"rendered":"<p>Apagador q-connect para limpeza de quadros brancos magnetico<\/p>\n","protected":false},"featured_media":130723,"comment_status":"closed","ping_status":"closed","template":"","meta":{"neve_meta_sidebar":"","neve_meta_container":"","neve_meta_enable_content_width":"","neve_meta_content_width":0,"neve_meta_title_alignment":"","neve_meta_author_avatar":"","neve_post_elements_order":"","neve_meta_disable_header":"","neve_meta_disable_footer":"","neve_meta_disable_title":""},"product_brand":[],"product_cat":[1908],"product_tag":[2083],"class_list":{"0":"post-97100","1":"product","2":"type-product","3":"status-publish","4":"has-post-thumbnail","6":"product_cat-acessorios-para-quadros","7":"product_tag-apagadores-quadros","9":"first","10":"instock","11":"sale","12":"taxable","13":"shipping-taxable","14":"purchasable","15":"product-type-simple"},"_links":{"self":[{"href":"https:\/\/ifoffice.pt\/index.php?rest_route=\/wp\/v2\/product\/97100","targetHints":{"allow":["GET"]}}],"collection":[{"href":"https:\/\/ifoffice.pt\/index.php?rest_route=\/wp\/v2\/product"}],"about":[{"href":"https:\/\/ifoffice.pt\/index.php?rest_route=\/wp\/v2\/types\/product"}],"replies":[{"embeddable":true,"href":"https:\/\/ifoffice.pt\/index.php?rest_route=%2Fwp%2Fv2%2Fcomments&post=97100"}],"wp:featuredmedia":[{"embeddable":true,"href":"https:\/\/ifoffice.pt\/index.php?rest_route=\/wp\/v2\/media\/130723"}],"wp:attachment":[{"href":"https:\/\/ifoffice.pt\/index.php?rest_route=%2Fwp%2Fv2%2Fmedia&parent=97100"}],"wp:term":[{"taxonomy":"product_brand","embeddable":true,"href":"https:\/\/ifoffice.pt\/index.php?rest_route=%2Fwp%2Fv2%2Fproduct_brand&post=97100"},{"taxonomy":"product_cat","embeddable":true,"href":"https:\/\/ifoffice.pt\/index.php?rest_route=%2Fwp%2Fv2%2Fproduct_cat&post=97100"},{"taxonomy":"product_tag","embeddable":true,"href":"https:\/\/ifoffice.pt\/index.php?rest_route=%2Fwp%2Fv2%2Fproduct_tag&post=97100"}],"curies":[{"name":"wp","href":"https:\/\/api.w.org\/{rel}","templated":true}]}}